{"id":1003,"date":"2021-12-17T10:52:53","date_gmt":"2021-12-17T09:52:53","guid":{"rendered":"https:\/\/hoteldelaberoche.ch\/?page_id=1003"},"modified":"2026-01-14T15:08:11","modified_gmt":"2026-01-14T14:08:11","slug":"zimmer-8","status":"publish","type":"page","link":"https:\/\/hoteldelaberoche.ch\/?page_id=1003&lang=de","title":{"rendered":"Zimmer 8"},"content":{"rendered":"\n<p>Dieses gegen S\u00fcden ausgerichtete Zimmer bietet Ihnen vier Einzelbetten an.<\/p>\n\n\n\n<figure class=\"wp-block-image\"><img loading=\"lazy\" decoding=\"async\" width=\"1024\" height=\"340\" src=\"http:\/\/hoteldelaberoche.ch\/wp-content\/uploads\/2019\/08\/HDB_Banner_photo_chambre_8-1024x340.jpg\" alt=\"\" class=\"wp-image-215\" srcset=\"https:\/\/hoteldelaberoche.ch\/wp-content\/uploads\/2019\/08\/HDB_Banner_photo_chambre_8-1024x340.jpg 1024w, https:\/\/hoteldelaberoche.ch\/wp-content\/uploads\/2019\/08\/HDB_Banner_photo_chambre_8-300x100.jpg 300w, https:\/\/hoteldelaberoche.ch\/wp-content\/uploads\/2019\/08\/HDB_Banner_photo_chambre_8-768x255.jpg 768w, https:\/\/hoteldelaberoche.ch\/wp-content\/uploads\/2019\/08\/HDB_Banner_photo_chambre_8.jpg 1200w\" sizes=\"auto, (max-width: 1024px) 100vw, 1024px\" \/><\/figure>\n\n\n\n<p>\u2022 Vier Einzelbetten<br>\u2022 Bad mit Dusche auf dem Stockwerk<br>\u2022 Gratis-Wifi<br>\u2022 TV <br><br>CHF 120.- f\u00fcr zwei Personen \/ CHF 155.- f\u00fcr drei Personen \/ CHF 190.- f\u00fcr vier Personen<br>CHF 130.- f\u00fcr zwei Personen \/ CHF 165.- f\u00fcr drei Personen \/ CHF 200.- f\u00fcr vier Personen (Hochsaison, Juni, Juli und August)<\/p>\n\n\n\n<p><em>Vergessen Sie nicht einen Tisch im Restaurant oder auf der Terrasse zu reservieren. <br><em>Fr\u00fchst\u00fcck f\u00fcr CHF 15.\u2014pro Person.<\/em> <br><\/em><\/p>\n\n\n\n<figure class=\"wp-block-gallery has-nested-images columns-default is-cropped wp-block-gallery-1 is-layout-flex wp-block-gallery-is-layout-flex\">\n<figure class=\"wp-block-image\"><img loading=\"lazy\" decoding=\"async\" width=\"1024\" height=\"684\" data-id=\"213\" src=\"https:\/\/hoteldelaberoche.ch\/wp-content\/uploads\/2019\/08\/DSC_3849-1024x684.jpg\" alt=\"\" class=\"wp-image-213\" srcset=\"https:\/\/hoteldelaberoche.ch\/wp-content\/uploads\/2019\/08\/DSC_3849-1024x684.jpg 1024w, https:\/\/hoteldelaberoche.ch\/wp-content\/uploads\/2019\/08\/DSC_3849-300x200.jpg 300w, https:\/\/hoteldelaberoche.ch\/wp-content\/uploads\/2019\/08\/DSC_3849-768x513.jpg 768w, https:\/\/hoteldelaberoche.ch\/wp-content\/uploads\/2019\/08\/DSC_3849.jpg 1200w\" sizes=\"auto, (max-width: 1024px) 100vw, 1024px\" \/><\/figure>\n\n\n\n<figure class=\"wp-block-image\"><img loading=\"lazy\" decoding=\"async\" width=\"1024\" height=\"684\" data-id=\"210\" src=\"https:\/\/hoteldelaberoche.ch\/wp-content\/uploads\/2019\/08\/DSC_3866-1024x684.jpg\" alt=\"\" class=\"wp-image-210\" srcset=\"https:\/\/hoteldelaberoche.ch\/wp-content\/uploads\/2019\/08\/DSC_3866-1024x684.jpg 1024w, https:\/\/hoteldelaberoche.ch\/wp-content\/uploads\/2019\/08\/DSC_3866-300x200.jpg 300w, https:\/\/hoteldelaberoche.ch\/wp-content\/uploads\/2019\/08\/DSC_3866-768x513.jpg 768w, https:\/\/hoteldelaberoche.ch\/wp-content\/uploads\/2019\/08\/DSC_3866.jpg 1200w\" sizes=\"auto, (max-width: 1024px) 100vw, 1024px\" \/><\/figure>\n\n\n\n<figure class=\"wp-block-image\"><img loading=\"lazy\" decoding=\"async\" width=\"1024\" height=\"684\" data-id=\"214\" src=\"https:\/\/hoteldelaberoche.ch\/wp-content\/uploads\/2019\/08\/DSC_3846-1024x684.jpg\" alt=\"\" class=\"wp-image-214\" srcset=\"https:\/\/hoteldelaberoche.ch\/wp-content\/uploads\/2019\/08\/DSC_3846-1024x684.jpg 1024w, https:\/\/hoteldelaberoche.ch\/wp-content\/uploads\/2019\/08\/DSC_3846-300x200.jpg 300w, https:\/\/hoteldelaberoche.ch\/wp-content\/uploads\/2019\/08\/DSC_3846-768x513.jpg 768w, https:\/\/hoteldelaberoche.ch\/wp-content\/uploads\/2019\/08\/DSC_3846.jpg 1200w\" sizes=\"auto, (max-width: 1024px) 100vw, 1024px\" \/><\/figure>\n\n\n\n<figure class=\"wp-block-image\"><img loading=\"lazy\" decoding=\"async\" width=\"684\" height=\"1024\" data-id=\"212\" src=\"https:\/\/hoteldelaberoche.ch\/wp-content\/uploads\/2019\/08\/DSC_3859-684x1024.jpg\" alt=\"\" class=\"wp-image-212\" srcset=\"https:\/\/hoteldelaberoche.ch\/wp-content\/uploads\/2019\/08\/DSC_3859-684x1024.jpg 684w, https:\/\/hoteldelaberoche.ch\/wp-content\/uploads\/2019\/08\/DSC_3859-200x300.jpg 200w, https:\/\/hoteldelaberoche.ch\/wp-content\/uploads\/2019\/08\/DSC_3859-768x1151.jpg 768w, https:\/\/hoteldelaberoche.ch\/wp-content\/uploads\/2019\/08\/DSC_3859.jpg 801w\" sizes=\"auto, (max-width: 684px) 100vw, 684px\" \/><\/figure>\n\n\n\n<figure class=\"wp-block-image\"><img loading=\"lazy\" decoding=\"async\" width=\"1024\" height=\"684\" data-id=\"209\" src=\"https:\/\/hoteldelaberoche.ch\/wp-content\/uploads\/2019\/08\/DSC_3876-1024x684.jpg\" alt=\"\" class=\"wp-image-209\" srcset=\"https:\/\/hoteldelaberoche.ch\/wp-content\/uploads\/2019\/08\/DSC_3876-1024x684.jpg 1024w, https:\/\/hoteldelaberoche.ch\/wp-content\/uploads\/2019\/08\/DSC_3876-300x200.jpg 300w, https:\/\/hoteldelaberoche.ch\/wp-content\/uploads\/2019\/08\/DSC_3876-768x513.jpg 768w, https:\/\/hoteldelaberoche.ch\/wp-content\/uploads\/2019\/08\/DSC_3876.jpg 1200w\" sizes=\"auto, (max-width: 1024px) 100vw, 1024px\" \/><\/figure>\n\n\n\n<figure class=\"wp-block-image\"><img loading=\"lazy\" decoding=\"async\" width=\"1024\" height=\"684\" data-id=\"211\" src=\"https:\/\/hoteldelaberoche.ch\/wp-content\/uploads\/2019\/08\/DSC_3861-1024x684.jpg\" alt=\"\" class=\"wp-image-211\" srcset=\"https:\/\/hoteldelaberoche.ch\/wp-content\/uploads\/2019\/08\/DSC_3861-1024x684.jpg 1024w, https:\/\/hoteldelaberoche.ch\/wp-content\/uploads\/2019\/08\/DSC_3861-300x200.jpg 300w, https:\/\/hoteldelaberoche.ch\/wp-content\/uploads\/2019\/08\/DSC_3861-768x513.jpg 768w, https:\/\/hoteldelaberoche.ch\/wp-content\/uploads\/2019\/08\/DSC_3861.jpg 1200w\" sizes=\"auto, (max-width: 1024px) 100vw, 1024px\" \/><\/figure>\n<\/figure>\n","protected":false},"excerpt":{"rendered":"<p>Dieses gegen S\u00fcden ausgerichtete Zimmer bietet Ihnen vier Einzelbetten an. \u2022 Vier Einzelbetten\u2022 Bad mit Dusche auf dem Stockwerk\u2022 Gratis-Wifi\u2022 TV CHF 120.- f\u00fcr zwei Personen \/ CHF 155.- f\u00fcr drei Personen \/ CHF 190.- f\u00fcr vier PersonenCHF 130.- f\u00fcr zwei Personen \/ CHF 165.- f\u00fcr drei Personen \/ CHF 200.- f\u00fcr vier Personen (Hochsaison, [&hellip;]<\/p>\n","protected":false},"author":1,"featured_media":0,"parent":937,"menu_order":8,"comment_status":"closed","ping_status":"closed","template":"","meta":{"footnotes":""},"class_list":["post-1003","page","type-page","status-publish","hentry"],"_links":{"self":[{"href":"https:\/\/hoteldelaberoche.ch\/index.php?rest_route=\/wp\/v2\/pages\/1003","targetHints":{"allow":["GET"]}}],"collection":[{"href":"https:\/\/hoteldelaberoche.ch\/index.php?rest_route=\/wp\/v2\/pages"}],"about":[{"href":"https:\/\/hoteldelaberoche.ch\/index.php?rest_route=\/wp\/v2\/types\/page"}],"author":[{"embeddable":true,"href":"https:\/\/hoteldelaberoche.ch\/index.php?rest_route=\/wp\/v2\/users\/1"}],"replies":[{"embeddable":true,"href":"https:\/\/hoteldelaberoche.ch\/index.php?rest_route=%2Fwp%2Fv2%2Fcomments&post=1003"}],"version-history":[{"count":5,"href":"https:\/\/hoteldelaberoche.ch\/index.php?rest_route=\/wp\/v2\/pages\/1003\/revisions"}],"predecessor-version":[{"id":1495,"href":"https:\/\/hoteldelaberoche.ch\/index.php?rest_route=\/wp\/v2\/pages\/1003\/revisions\/1495"}],"up":[{"embeddable":true,"href":"https:\/\/hoteldelaberoche.ch\/index.php?rest_route=\/wp\/v2\/pages\/937"}],"wp:attachment":[{"href":"https:\/\/hoteldelaberoche.ch\/index.php?rest_route=%2Fwp%2Fv2%2Fmedia&parent=1003"}],"curies":[{"name":"wp","href":"https:\/\/api.w.org\/{rel}","templated":true}]}}