{"id":117,"date":"2019-08-12T11:25:51","date_gmt":"2019-08-12T09:25:51","guid":{"rendered":"http:\/\/hoteldelaberoche.ch\/?page_id=117"},"modified":"2019-09-10T12:11:25","modified_gmt":"2019-09-10T10:11:25","slug":"a-travers-le-temps","status":"publish","type":"page","link":"https:\/\/hoteldelaberoche.ch\/?page_id=117","title":{"rendered":"A travers le temps"},"content":{"rendered":"\n<p>L&rsquo;h\u00f4tel ouvre ses portes vers 1900 au coeur du village de St-Aubin dans la commune de la Grande B\u00e9roche proche du lac de Neuch\u00e2tel.<\/p>\n\n\n\n<p>Repris en 2000 par Laurent Larmusiaux et Nicole Jeannet, les chambres ont \u00e9t\u00e9 enti\u00e8rement r\u00e9nov\u00e9es r\u00e9cemment.<\/p>\n\n\n\n<figure class=\"wp-block-image\"><img loading=\"lazy\" decoding=\"async\" width=\"800\" height=\"521\" src=\"http:\/\/hoteldelaberoche.ch\/wp-content\/uploads\/2019\/08\/hotelbe\u0301roche130.jpg\" alt=\"\" class=\"wp-image-130\" srcset=\"https:\/\/hoteldelaberoche.ch\/wp-content\/uploads\/2019\/08\/hotelbe\u0301roche130.jpg 800w, https:\/\/hoteldelaberoche.ch\/wp-content\/uploads\/2019\/08\/hotelbe\u0301roche130-300x195.jpg 300w, https:\/\/hoteldelaberoche.ch\/wp-content\/uploads\/2019\/08\/hotelbe\u0301roche130-768x500.jpg 768w\" sizes=\"auto, (max-width: 800px) 100vw, 800px\" \/><\/figure>\n\n\n\n<ul class=\"wp-block-gallery columns-3 is-cropped wp-block-gallery-1 is-layout-flex wp-block-gallery-is-layout-flex\"><li class=\"blocks-gallery-item\"><figure><img loading=\"lazy\" decoding=\"async\" width=\"800\" height=\"521\" src=\"http:\/\/hoteldelaberoche.ch\/wp-content\/uploads\/2019\/08\/hotelbe\u0301roche130.jpg\" alt=\"\" data-id=\"130\" data-link=\"http:\/\/hoteldelaberoche.ch\/?attachment_id=130\" class=\"wp-image-130\" srcset=\"https:\/\/hoteldelaberoche.ch\/wp-content\/uploads\/2019\/08\/hotelbe\u0301roche130.jpg 800w, https:\/\/hoteldelaberoche.ch\/wp-content\/uploads\/2019\/08\/hotelbe\u0301roche130-300x195.jpg 300w, https:\/\/hoteldelaberoche.ch\/wp-content\/uploads\/2019\/08\/hotelbe\u0301roche130-768x500.jpg 768w\" sizes=\"auto, (max-width: 800px) 100vw, 800px\" \/><\/figure><\/li><li class=\"blocks-gallery-item\"><figure><img loading=\"lazy\" decoding=\"async\" width=\"800\" height=\"520\" src=\"http:\/\/hoteldelaberoche.ch\/wp-content\/uploads\/2019\/08\/hotelbe\u0301roche129.jpg\" alt=\"\" data-id=\"129\" data-link=\"http:\/\/hoteldelaberoche.ch\/?attachment_id=129\" class=\"wp-image-129\" srcset=\"https:\/\/hoteldelaberoche.ch\/wp-content\/uploads\/2019\/08\/hotelbe\u0301roche129.jpg 800w, https:\/\/hoteldelaberoche.ch\/wp-content\/uploads\/2019\/08\/hotelbe\u0301roche129-300x195.jpg 300w, https:\/\/hoteldelaberoche.ch\/wp-content\/uploads\/2019\/08\/hotelbe\u0301roche129-768x499.jpg 768w\" sizes=\"auto, (max-width: 800px) 100vw, 800px\" \/><\/figure><\/li><li class=\"blocks-gallery-item\"><figure><img loading=\"lazy\" decoding=\"async\" width=\"800\" height=\"601\" src=\"http:\/\/hoteldelaberoche.ch\/wp-content\/uploads\/2019\/08\/hotelbe\u0301roche124.jpg\" alt=\"\" data-id=\"128\" data-link=\"http:\/\/hoteldelaberoche.ch\/?attachment_id=128\" class=\"wp-image-128\" srcset=\"https:\/\/hoteldelaberoche.ch\/wp-content\/uploads\/2019\/08\/hotelbe\u0301roche124.jpg 800w, https:\/\/hoteldelaberoche.ch\/wp-content\/uploads\/2019\/08\/hotelbe\u0301roche124-300x225.jpg 300w, https:\/\/hoteldelaberoche.ch\/wp-content\/uploads\/2019\/08\/hotelbe\u0301roche124-768x577.jpg 768w\" sizes=\"auto, (max-width: 800px) 100vw, 800px\" \/><\/figure><\/li><li class=\"blocks-gallery-item\"><figure><img loading=\"lazy\" decoding=\"async\" width=\"800\" height=\"510\" src=\"http:\/\/hoteldelaberoche.ch\/wp-content\/uploads\/2019\/08\/hotelbe\u0301roche123.jpg\" alt=\"\" data-id=\"127\" data-link=\"http:\/\/hoteldelaberoche.ch\/?attachment_id=127\" class=\"wp-image-127\" srcset=\"https:\/\/hoteldelaberoche.ch\/wp-content\/uploads\/2019\/08\/hotelbe\u0301roche123.jpg 800w, https:\/\/hoteldelaberoche.ch\/wp-content\/uploads\/2019\/08\/hotelbe\u0301roche123-300x191.jpg 300w, https:\/\/hoteldelaberoche.ch\/wp-content\/uploads\/2019\/08\/hotelbe\u0301roche123-768x490.jpg 768w\" sizes=\"auto, (max-width: 800px) 100vw, 800px\" \/><\/figure><\/li><li class=\"blocks-gallery-item\"><figure><img loading=\"lazy\" decoding=\"async\" width=\"800\" height=\"600\" src=\"http:\/\/hoteldelaberoche.ch\/wp-content\/uploads\/2019\/08\/hotelbe\u0301roche125.jpg\" alt=\"\" data-id=\"126\" data-link=\"http:\/\/hoteldelaberoche.ch\/?attachment_id=126\" class=\"wp-image-126\" srcset=\"https:\/\/hoteldelaberoche.ch\/wp-content\/uploads\/2019\/08\/hotelbe\u0301roche125.jpg 800w, https:\/\/hoteldelaberoche.ch\/wp-content\/uploads\/2019\/08\/hotelbe\u0301roche125-300x225.jpg 300w, https:\/\/hoteldelaberoche.ch\/wp-content\/uploads\/2019\/08\/hotelbe\u0301roche125-768x576.jpg 768w\" sizes=\"auto, (max-width: 800px) 100vw, 800px\" \/><\/figure><\/li><li class=\"blocks-gallery-item\"><figure><img loading=\"lazy\" decoding=\"async\" width=\"800\" height=\"570\" src=\"http:\/\/hoteldelaberoche.ch\/wp-content\/uploads\/2019\/08\/hotelbe\u0301roche121.jpg\" alt=\"\" data-id=\"125\" data-link=\"http:\/\/hoteldelaberoche.ch\/?attachment_id=125\" class=\"wp-image-125\" srcset=\"https:\/\/hoteldelaberoche.ch\/wp-content\/uploads\/2019\/08\/hotelbe\u0301roche121.jpg 800w, https:\/\/hoteldelaberoche.ch\/wp-content\/uploads\/2019\/08\/hotelbe\u0301roche121-300x214.jpg 300w, https:\/\/hoteldelaberoche.ch\/wp-content\/uploads\/2019\/08\/hotelbe\u0301roche121-768x547.jpg 768w\" sizes=\"auto, (max-width: 800px) 100vw, 800px\" \/><\/figure><\/li><li class=\"blocks-gallery-item\"><figure><img loading=\"lazy\" decoding=\"async\" width=\"800\" height=\"570\" src=\"http:\/\/hoteldelaberoche.ch\/wp-content\/uploads\/2019\/08\/hotelbe\u0301roche128.jpg\" alt=\"\" data-id=\"124\" data-link=\"http:\/\/hoteldelaberoche.ch\/?attachment_id=124\" class=\"wp-image-124\" srcset=\"https:\/\/hoteldelaberoche.ch\/wp-content\/uploads\/2019\/08\/hotelbe\u0301roche128.jpg 800w, https:\/\/hoteldelaberoche.ch\/wp-content\/uploads\/2019\/08\/hotelbe\u0301roche128-300x214.jpg 300w, https:\/\/hoteldelaberoche.ch\/wp-content\/uploads\/2019\/08\/hotelbe\u0301roche128-768x547.jpg 768w\" sizes=\"auto, (max-width: 800px) 100vw, 800px\" \/><\/figure><\/li><li class=\"blocks-gallery-item\"><figure><img loading=\"lazy\" decoding=\"async\" width=\"800\" height=\"511\" src=\"http:\/\/hoteldelaberoche.ch\/wp-content\/uploads\/2019\/08\/beroche009.jpg\" alt=\"\" data-id=\"123\" data-link=\"http:\/\/hoteldelaberoche.ch\/?attachment_id=123\" class=\"wp-image-123\" srcset=\"https:\/\/hoteldelaberoche.ch\/wp-content\/uploads\/2019\/08\/beroche009.jpg 800w, https:\/\/hoteldelaberoche.ch\/wp-content\/uploads\/2019\/08\/beroche009-300x192.jpg 300w, https:\/\/hoteldelaberoche.ch\/wp-content\/uploads\/2019\/08\/beroche009-768x491.jpg 768w\" sizes=\"auto, (max-width: 800px) 100vw, 800px\" \/><\/figure><\/li><li class=\"blocks-gallery-item\"><figure><img loading=\"lazy\" decoding=\"async\" width=\"800\" height=\"570\" src=\"http:\/\/hoteldelaberoche.ch\/wp-content\/uploads\/2019\/08\/hotelbe\u0301roche127.jpg\" alt=\"\" data-id=\"122\" data-link=\"http:\/\/hoteldelaberoche.ch\/?attachment_id=122\" class=\"wp-image-122\" srcset=\"https:\/\/hoteldelaberoche.ch\/wp-content\/uploads\/2019\/08\/hotelbe\u0301roche127.jpg 800w, https:\/\/hoteldelaberoche.ch\/wp-content\/uploads\/2019\/08\/hotelbe\u0301roche127-300x214.jpg 300w, https:\/\/hoteldelaberoche.ch\/wp-content\/uploads\/2019\/08\/hotelbe\u0301roche127-768x547.jpg 768w\" sizes=\"auto, (max-width: 800px) 100vw, 800px\" \/><\/figure><\/li><li class=\"blocks-gallery-item\"><figure><img loading=\"lazy\" decoding=\"async\" width=\"730\" height=\"1024\" src=\"http:\/\/hoteldelaberoche.ch\/wp-content\/uploads\/2019\/08\/hotelbe\u0301roche1122-730x1024.jpg\" alt=\"\" data-id=\"121\" data-link=\"http:\/\/hoteldelaberoche.ch\/?attachment_id=121\" class=\"wp-image-121\" srcset=\"https:\/\/hoteldelaberoche.ch\/wp-content\/uploads\/2019\/08\/hotelbe\u0301roche1122-730x1024.jpg 730w, https:\/\/hoteldelaberoche.ch\/wp-content\/uploads\/2019\/08\/hotelbe\u0301roche1122-214x300.jpg 214w, https:\/\/hoteldelaberoche.ch\/wp-content\/uploads\/2019\/08\/hotelbe\u0301roche1122-768x1077.jpg 768w, https:\/\/hoteldelaberoche.ch\/wp-content\/uploads\/2019\/08\/hotelbe\u0301roche1122.jpg 800w\" sizes=\"auto, (max-width: 730px) 100vw, 730px\" \/><\/figure><\/li><\/ul>\n","protected":false},"excerpt":{"rendered":"<p>L&rsquo;h\u00f4tel ouvre ses portes vers 1900 au coeur du village de St-Aubin dans la commune de la Grande B\u00e9roche proche du lac de Neuch\u00e2tel. Repris en 2000 par Laurent Larmusiaux et Nicole Jeannet, les chambres ont \u00e9t\u00e9 enti\u00e8rement r\u00e9nov\u00e9es r\u00e9cemment.<\/p>\n","protected":false},"author":1,"featured_media":0,"parent":0,"menu_order":90,"comment_status":"closed","ping_status":"closed","template":"","meta":{"footnotes":""},"class_list":["post-117","page","type-page","status-publish","hentry"],"_links":{"self":[{"href":"https:\/\/hoteldelaberoche.ch\/index.php?rest_route=\/wp\/v2\/pages\/117","targetHints":{"allow":["GET"]}}],"collection":[{"href":"https:\/\/hoteldelaberoche.ch\/index.php?rest_route=\/wp\/v2\/pages"}],"about":[{"href":"https:\/\/hoteldelaberoche.ch\/index.php?rest_route=\/wp\/v2\/types\/page"}],"author":[{"embeddable":true,"href":"https:\/\/hoteldelaberoche.ch\/index.php?rest_route=\/wp\/v2\/users\/1"}],"replies":[{"embeddable":true,"href":"https:\/\/hoteldelaberoche.ch\/index.php?rest_route=%2Fwp%2Fv2%2Fcomments&post=117"}],"version-history":[{"count":7,"href":"https:\/\/hoteldelaberoche.ch\/index.php?rest_route=\/wp\/v2\/pages\/117\/revisions"}],"predecessor-version":[{"id":299,"href":"https:\/\/hoteldelaberoche.ch\/index.php?rest_route=\/wp\/v2\/pages\/117\/revisions\/299"}],"wp:attachment":[{"href":"https:\/\/hoteldelaberoche.ch\/index.php?rest_route=%2Fwp%2Fv2%2Fmedia&parent=117"}],"curies":[{"name":"wp","href":"https:\/\/api.w.org\/{rel}","templated":true}]}}