{"id":20,"date":"2019-05-21T14:11:34","date_gmt":"2019-05-21T12:11:34","guid":{"rendered":"http:\/\/hoteldelaberoche.ch\/?page_id=20"},"modified":"2019-09-10T12:11:15","modified_gmt":"2019-09-10T10:11:15","slug":"le-restaurant","status":"publish","type":"page","link":"https:\/\/hoteldelaberoche.ch\/?page_id=20","title":{"rendered":"Le restaurant"},"content":{"rendered":"\n<p>Nous vous proposons une cuisine de brasserie. Retrouvez les  filets de perche du lac, La bondelle, Le tartare, le tournedo de b\u0153uf avec sa sauce \u00e0 l\u2019\u00e9chalote et au vin rouge, L&rsquo;entrec\u00f4te parisienne avec caf\u00e9 de paris maison ou encore la fondue\u2026 <\/p>\n\n\n\n<figure class=\"wp-block-image\"><img loading=\"lazy\" decoding=\"async\" width=\"1024\" height=\"684\" src=\"http:\/\/hoteldelaberoche.ch\/wp-content\/uploads\/2019\/08\/DSC_3612-1024x684.jpg\" alt=\"\" class=\"wp-image-138\" srcset=\"https:\/\/hoteldelaberoche.ch\/wp-content\/uploads\/2019\/08\/DSC_3612-1024x684.jpg 1024w, https:\/\/hoteldelaberoche.ch\/wp-content\/uploads\/2019\/08\/DSC_3612-300x200.jpg 300w, https:\/\/hoteldelaberoche.ch\/wp-content\/uploads\/2019\/08\/DSC_3612-768x513.jpg 768w, https:\/\/hoteldelaberoche.ch\/wp-content\/uploads\/2019\/08\/DSC_3612.jpg 1200w\" sizes=\"auto, (max-width: 1024px) 100vw, 1024px\" \/><\/figure>\n\n\n\n<p>Le caf\u00e9\/bar, le d\u00e9jeuner, le d\u00eener du soir. <\/p>\n\n\n\n<figure class=\"wp-block-image\"><img loading=\"lazy\" decoding=\"async\" width=\"1024\" height=\"684\" src=\"http:\/\/hoteldelaberoche.ch\/wp-content\/uploads\/2019\/08\/DSC_3623-1024x684.jpg\" alt=\"\" class=\"wp-image-140\" srcset=\"https:\/\/hoteldelaberoche.ch\/wp-content\/uploads\/2019\/08\/DSC_3623-1024x684.jpg 1024w, https:\/\/hoteldelaberoche.ch\/wp-content\/uploads\/2019\/08\/DSC_3623-300x200.jpg 300w, https:\/\/hoteldelaberoche.ch\/wp-content\/uploads\/2019\/08\/DSC_3623-768x513.jpg 768w, https:\/\/hoteldelaberoche.ch\/wp-content\/uploads\/2019\/08\/DSC_3623.jpg 1200w\" sizes=\"auto, (max-width: 1024px) 100vw, 1024px\" \/><\/figure>\n\n\n\n<figure class=\"wp-block-image\"><img loading=\"lazy\" decoding=\"async\" width=\"1024\" height=\"684\" src=\"http:\/\/hoteldelaberoche.ch\/wp-content\/uploads\/2019\/08\/DSC_3636-1024x684.jpg\" alt=\"\" class=\"wp-image-137\" srcset=\"https:\/\/hoteldelaberoche.ch\/wp-content\/uploads\/2019\/08\/DSC_3636-1024x684.jpg 1024w, https:\/\/hoteldelaberoche.ch\/wp-content\/uploads\/2019\/08\/DSC_3636-300x200.jpg 300w, https:\/\/hoteldelaberoche.ch\/wp-content\/uploads\/2019\/08\/DSC_3636-768x513.jpg 768w, https:\/\/hoteldelaberoche.ch\/wp-content\/uploads\/2019\/08\/DSC_3636.jpg 1200w\" sizes=\"auto, (max-width: 1024px) 100vw, 1024px\" \/><\/figure>\n\n\n\n<figure class=\"wp-block-image\"><img loading=\"lazy\" decoding=\"async\" width=\"1024\" height=\"684\" src=\"http:\/\/hoteldelaberoche.ch\/wp-content\/uploads\/2019\/08\/DSC_3631-1024x684.jpg\" alt=\"\" class=\"wp-image-139\" srcset=\"https:\/\/hoteldelaberoche.ch\/wp-content\/uploads\/2019\/08\/DSC_3631-1024x684.jpg 1024w, https:\/\/hoteldelaberoche.ch\/wp-content\/uploads\/2019\/08\/DSC_3631-300x200.jpg 300w, https:\/\/hoteldelaberoche.ch\/wp-content\/uploads\/2019\/08\/DSC_3631-768x513.jpg 768w, https:\/\/hoteldelaberoche.ch\/wp-content\/uploads\/2019\/08\/DSC_3631.jpg 1200w\" sizes=\"auto, (max-width: 1024px) 100vw, 1024px\" \/><\/figure>\n\n\n\n<p>Les propri\u00e9taires se r\u00e9jouissent de vous accueillir \u00e0 l&rsquo;H\u00f4tel-Restaurant de la B\u00e9roche.<\/p>\n\n\n\n<figure class=\"wp-block-image\"><img loading=\"lazy\" decoding=\"async\" width=\"200\" height=\"300\" src=\"http:\/\/hoteldelaberoche.ch\/wp-content\/uploads\/2019\/08\/1-200x300.jpg\" alt=\"\" class=\"wp-image-135\" srcset=\"https:\/\/hoteldelaberoche.ch\/wp-content\/uploads\/2019\/08\/1-200x300.jpg 200w, https:\/\/hoteldelaberoche.ch\/wp-content\/uploads\/2019\/08\/1.jpg 656w\" sizes=\"auto, (max-width: 200px) 100vw, 200px\" \/><\/figure>\n","protected":false},"excerpt":{"rendered":"<p>Nous vous proposons une cuisine de brasserie. Retrouvez les filets de perche du lac, La bondelle, Le tartare, le tournedo de b\u0153uf avec sa sauce \u00e0 l\u2019\u00e9chalote et au vin rouge, L&rsquo;entrec\u00f4te parisienne avec caf\u00e9 de paris maison ou encore la fondue\u2026 Le caf\u00e9\/bar, le d\u00e9jeuner, le d\u00eener du soir. Les propri\u00e9taires se r\u00e9jouissent de [&hellip;]<\/p>\n","protected":false},"author":1,"featured_media":0,"parent":0,"menu_order":0,"comment_status":"closed","ping_status":"closed","template":"","meta":{"footnotes":""},"class_list":["post-20","page","type-page","status-publish","hentry"],"_links":{"self":[{"href":"https:\/\/hoteldelaberoche.ch\/index.php?rest_route=\/wp\/v2\/pages\/20","targetHints":{"allow":["GET"]}}],"collection":[{"href":"https:\/\/hoteldelaberoche.ch\/index.php?rest_route=\/wp\/v2\/pages"}],"about":[{"href":"https:\/\/hoteldelaberoche.ch\/index.php?rest_route=\/wp\/v2\/types\/page"}],"author":[{"embeddable":true,"href":"https:\/\/hoteldelaberoche.ch\/index.php?rest_route=\/wp\/v2\/users\/1"}],"replies":[{"embeddable":true,"href":"https:\/\/hoteldelaberoche.ch\/index.php?rest_route=%2Fwp%2Fv2%2Fcomments&post=20"}],"version-history":[{"count":6,"href":"https:\/\/hoteldelaberoche.ch\/index.php?rest_route=\/wp\/v2\/pages\/20\/revisions"}],"predecessor-version":[{"id":301,"href":"https:\/\/hoteldelaberoche.ch\/index.php?rest_route=\/wp\/v2\/pages\/20\/revisions\/301"}],"wp:attachment":[{"href":"https:\/\/hoteldelaberoche.ch\/index.php?rest_route=%2Fwp%2Fv2%2Fmedia&parent=20"}],"curies":[{"name":"wp","href":"https:\/\/api.w.org\/{rel}","templated":true}]}}