{"id":29,"date":"2019-05-21T14:15:09","date_gmt":"2019-05-21T12:15:09","guid":{"rendered":"http:\/\/hoteldelaberoche.ch\/?page_id=29"},"modified":"2026-03-30T11:09:06","modified_gmt":"2026-03-30T09:09:06","slug":"lhotel","status":"publish","type":"page","link":"https:\/\/hoteldelaberoche.ch\/?page_id=29","title":{"rendered":"L&rsquo;h\u00f4tel"},"content":{"rendered":"\n<p>Huit chambres, r\u00e9sultat d&rsquo;une d\u00e9coration soign\u00e9e aux th\u00e8mes diff\u00e9rents pour plaire \u00e0 la fantaisie. Avec vue sur le lac et le jardin ou les \u00e9toiles cot\u00e9 montagne.<\/p>\n\n\n\n<p class=\"has-text-align-left\"><strong>Offre sp\u00e9ciale 2026 <\/strong><br><em><strong>4 nuit\u00e9es en chambre double pour 2 personnes, la 4e nuit est offerte!<\/strong><\/em><br>(la taxe de s\u00e9jour n&rsquo;est pas comprise)<br><\/p>\n\n\n\n<figure class=\"wp-block-image\"><a href=\"https:\/\/hoteldelaberoche.ch\/?page_id=855\"><img loading=\"lazy\" decoding=\"async\" width=\"1024\" height=\"340\" src=\"https:\/\/hoteldelaberoche.ch\/wp-content\/uploads\/2021\/07\/HDB_Banner_photo_espacve_detente-1024x340.jpg\" alt=\"\" class=\"wp-image-888\" srcset=\"https:\/\/hoteldelaberoche.ch\/wp-content\/uploads\/2021\/07\/HDB_Banner_photo_espacve_detente-1024x340.jpg 1024w, https:\/\/hoteldelaberoche.ch\/wp-content\/uploads\/2021\/07\/HDB_Banner_photo_espacve_detente-300x100.jpg 300w, https:\/\/hoteldelaberoche.ch\/wp-content\/uploads\/2021\/07\/HDB_Banner_photo_espacve_detente-768x255.jpg 768w, https:\/\/hoteldelaberoche.ch\/wp-content\/uploads\/2021\/07\/HDB_Banner_photo_espacve_detente.jpg 1200w\" sizes=\"auto, (max-width: 1024px) 100vw, 1024px\" \/><\/a><figcaption class=\"wp-element-caption\"><strong>Espace d\u00e9tente<\/strong><\/figcaption><\/figure>\n\n\n\n<div style=\"height:35px\" aria-hidden=\"true\" class=\"wp-block-spacer\"><\/div>\n\n\n\n<figure class=\"wp-block-image size-large\"><a href=\"https:\/\/hoteldelaberoche.ch\/?page_id=38\"><img loading=\"lazy\" decoding=\"async\" width=\"1024\" height=\"340\" src=\"https:\/\/hoteldelaberoche.ch\/wp-content\/uploads\/2026\/03\/HDB_Banner_photo_chambre_1-1024x340.jpg\" alt=\"\" class=\"wp-image-1541\" srcset=\"https:\/\/hoteldelaberoche.ch\/wp-content\/uploads\/2026\/03\/HDB_Banner_photo_chambre_1-1024x340.jpg 1024w, https:\/\/hoteldelaberoche.ch\/wp-content\/uploads\/2026\/03\/HDB_Banner_photo_chambre_1-300x100.jpg 300w, https:\/\/hoteldelaberoche.ch\/wp-content\/uploads\/2026\/03\/HDB_Banner_photo_chambre_1-768x255.jpg 768w, https:\/\/hoteldelaberoche.ch\/wp-content\/uploads\/2026\/03\/HDB_Banner_photo_chambre_1.jpg 1200w\" sizes=\"auto, (max-width: 1024px) 100vw, 1024px\" \/><\/a><figcaption class=\"wp-element-caption\"><strong>Chambre 1<\/strong><br>CHF 110.- pour 1 pers. CHF 170.- pour 2 pers. \/ nuit\u00e9e<br>CHF 120.- pour 1 pers. CHF 180.- pour 2 pers. \/ nuit\u00e9e (Haute saison, Juin, Juillet et Ao\u00fbt)<\/figcaption><\/figure>\n\n\n\n<div style=\"height:35px\" aria-hidden=\"true\" class=\"wp-block-spacer\"><\/div>\n\n\n\n<figure class=\"wp-block-image\"><a href=\"http:\/\/hoteldelaberoche.ch\/?page_id=42\"><img loading=\"lazy\" decoding=\"async\" width=\"1024\" height=\"340\" src=\"https:\/\/hoteldelaberoche.ch\/wp-content\/uploads\/2021\/07\/HDB_Banner_photo_chambre_3-1024x340.jpg\" alt=\"\" class=\"wp-image-844\" srcset=\"https:\/\/hoteldelaberoche.ch\/wp-content\/uploads\/2021\/07\/HDB_Banner_photo_chambre_3-1024x340.jpg 1024w, https:\/\/hoteldelaberoche.ch\/wp-content\/uploads\/2021\/07\/HDB_Banner_photo_chambre_3-300x100.jpg 300w, https:\/\/hoteldelaberoche.ch\/wp-content\/uploads\/2021\/07\/HDB_Banner_photo_chambre_3-768x255.jpg 768w, https:\/\/hoteldelaberoche.ch\/wp-content\/uploads\/2021\/07\/HDB_Banner_photo_chambre_3.jpg 1200w\" sizes=\"auto, (max-width: 1024px) 100vw, 1024px\" \/><\/a><figcaption class=\"wp-element-caption\"><strong>Chambre 3<\/strong><br> CHF 100.- pour 1 pers. CHF 150.- pour 2 pers. \/ nuit\u00e9e<br> CHF 110.- pour 1 pers. CHF 160.- pour 2 pers. \/ nuit\u00e9e (Haute saison, Juin, Juillet et Ao\u00fbt)<\/figcaption><\/figure>\n\n\n\n<div style=\"height:35px\" aria-hidden=\"true\" class=\"wp-block-spacer\"><\/div>\n\n\n\n<figure class=\"wp-block-image\"><a href=\"http:\/\/hoteldelaberoche.ch\/?page_id=48\"><img loading=\"lazy\" decoding=\"async\" width=\"1024\" height=\"340\" src=\"http:\/\/hoteldelaberoche.ch\/wp-content\/uploads\/2019\/08\/HDB_Banner_photo_deco-1024x340.jpg\" alt=\"\" class=\"wp-image-103\" srcset=\"https:\/\/hoteldelaberoche.ch\/wp-content\/uploads\/2019\/08\/HDB_Banner_photo_deco-1024x340.jpg 1024w, https:\/\/hoteldelaberoche.ch\/wp-content\/uploads\/2019\/08\/HDB_Banner_photo_deco-300x100.jpg 300w, https:\/\/hoteldelaberoche.ch\/wp-content\/uploads\/2019\/08\/HDB_Banner_photo_deco-768x255.jpg 768w, https:\/\/hoteldelaberoche.ch\/wp-content\/uploads\/2019\/08\/HDB_Banner_photo_deco.jpg 1200w\" sizes=\"auto, (max-width: 1024px) 100vw, 1024px\" \/><\/a><figcaption class=\"wp-element-caption\"><strong>Chambre 4<\/strong><br>CHF 100.- pour 1 pers. CHF 150.- pour 2 pers. \/ nuit\u00e9e<br>CHF 110.- pour 1 pers. CHF 160.- pour 2 pers. \/ nuit\u00e9e (Haute saison, Juin, Juillet et Ao\u00fbt)<\/figcaption><\/figure>\n\n\n\n<div style=\"height:35px\" aria-hidden=\"true\" class=\"wp-block-spacer\"><\/div>\n\n\n\n<figure class=\"wp-block-image size-large\"><a href=\"https:\/\/hoteldelaberoche.ch\/?page_id=788\"><img loading=\"lazy\" decoding=\"async\" width=\"1024\" height=\"340\" src=\"https:\/\/hoteldelaberoche.ch\/wp-content\/uploads\/2026\/03\/HDB_Banner_photo_chambre_5-1024x340.jpg\" alt=\"\" class=\"wp-image-1602\" srcset=\"https:\/\/hoteldelaberoche.ch\/wp-content\/uploads\/2026\/03\/HDB_Banner_photo_chambre_5-1024x340.jpg 1024w, https:\/\/hoteldelaberoche.ch\/wp-content\/uploads\/2026\/03\/HDB_Banner_photo_chambre_5-300x100.jpg 300w, https:\/\/hoteldelaberoche.ch\/wp-content\/uploads\/2026\/03\/HDB_Banner_photo_chambre_5-768x255.jpg 768w, https:\/\/hoteldelaberoche.ch\/wp-content\/uploads\/2026\/03\/HDB_Banner_photo_chambre_5.jpg 1200w\" sizes=\"auto, (max-width: 1024px) 100vw, 1024px\" \/><\/a><figcaption class=\"wp-element-caption\"><strong>Chambre 5<\/strong><br>CHF 100.- pour 1 pers. CHF 150.- pour 2 pers. \/ nuit\u00e9e<br>CHF 110.- pour 1 pers. CHF 160.- pour 2 pers. \/ nuit\u00e9e (Haute saison, Juin, Juillet et Ao\u00fbt)<br><\/figcaption><\/figure>\n\n\n\n<div style=\"height:35px\" aria-hidden=\"true\" class=\"wp-block-spacer\"><\/div>\n\n\n\n<figure class=\"wp-block-image\"><a href=\"http:\/\/hoteldelaberoche.ch\/?page_id=60\"><img loading=\"lazy\" decoding=\"async\" width=\"1024\" height=\"340\" src=\"http:\/\/hoteldelaberoche.ch\/wp-content\/uploads\/2019\/08\/HDB_Banner_photo_chambre_7-1024x340.jpg\" alt=\"\" class=\"wp-image-238\" srcset=\"https:\/\/hoteldelaberoche.ch\/wp-content\/uploads\/2019\/08\/HDB_Banner_photo_chambre_7-1024x340.jpg 1024w, https:\/\/hoteldelaberoche.ch\/wp-content\/uploads\/2019\/08\/HDB_Banner_photo_chambre_7-300x100.jpg 300w, https:\/\/hoteldelaberoche.ch\/wp-content\/uploads\/2019\/08\/HDB_Banner_photo_chambre_7-768x255.jpg 768w, https:\/\/hoteldelaberoche.ch\/wp-content\/uploads\/2019\/08\/HDB_Banner_photo_chambre_7.jpg 1200w\" sizes=\"auto, (max-width: 1024px) 100vw, 1024px\" \/><\/a><figcaption class=\"wp-element-caption\"><strong>Chambre 7<\/strong><br>CHF 90.- pour 1 pers. CHF 130.- pour 2 pers. \/ nuit\u00e9e<br>CHF 100.- pour 1 pers. CHF 140.- pour 2 pers. \/ nuit\u00e9e (Haute saison, Juin, Juillet et Ao\u00fbt)<\/figcaption><\/figure>\n\n\n\n<div style=\"height:35px\" aria-hidden=\"true\" class=\"wp-block-spacer\"><\/div>\n\n\n\n<figure class=\"wp-block-image\"><a href=\"http:\/\/hoteldelaberoche.ch\/?page_id=64\"><img loading=\"lazy\" decoding=\"async\" width=\"1024\" height=\"340\" src=\"http:\/\/hoteldelaberoche.ch\/wp-content\/uploads\/2019\/08\/HDB_Banner_photo_chambre_8-1024x340.jpg\" alt=\"\" class=\"wp-image-215\" srcset=\"https:\/\/hoteldelaberoche.ch\/wp-content\/uploads\/2019\/08\/HDB_Banner_photo_chambre_8-1024x340.jpg 1024w, https:\/\/hoteldelaberoche.ch\/wp-content\/uploads\/2019\/08\/HDB_Banner_photo_chambre_8-300x100.jpg 300w, https:\/\/hoteldelaberoche.ch\/wp-content\/uploads\/2019\/08\/HDB_Banner_photo_chambre_8-768x255.jpg 768w, https:\/\/hoteldelaberoche.ch\/wp-content\/uploads\/2019\/08\/HDB_Banner_photo_chambre_8.jpg 1200w\" sizes=\"auto, (max-width: 1024px) 100vw, 1024px\" \/><\/a><figcaption class=\"wp-element-caption\"><strong>Chambre 8<\/strong><br>CHF 120.- pour 2 pers. \/ CHF 155.- pour 3 pers. \/ CHF 190.- pour 4 pers.<br>CHF 130.- pour 2 pers. \/ CHF 165.- pour 3 pers. \/ CHF 200.- pour 4 pers. (Haute saison, Juin, Juillet et Ao\u00fbt)<\/figcaption><\/figure>\n\n\n\n<div style=\"height:35px\" aria-hidden=\"true\" class=\"wp-block-spacer\"><\/div>\n\n\n\n<figure class=\"wp-block-image\"><a href=\"http:\/\/hoteldelaberoche.ch\/?page_id=52\"><img loading=\"lazy\" decoding=\"async\" width=\"1024\" height=\"340\" src=\"https:\/\/hoteldelaberoche.ch\/wp-content\/uploads\/2021\/07\/HDB_Banner_photo_chambre_9-1024x340.jpg\" alt=\"\" class=\"wp-image-875\" srcset=\"https:\/\/hoteldelaberoche.ch\/wp-content\/uploads\/2021\/07\/HDB_Banner_photo_chambre_9-1024x340.jpg 1024w, https:\/\/hoteldelaberoche.ch\/wp-content\/uploads\/2021\/07\/HDB_Banner_photo_chambre_9-300x100.jpg 300w, https:\/\/hoteldelaberoche.ch\/wp-content\/uploads\/2021\/07\/HDB_Banner_photo_chambre_9-768x255.jpg 768w, https:\/\/hoteldelaberoche.ch\/wp-content\/uploads\/2021\/07\/HDB_Banner_photo_chambre_9.jpg 1200w\" sizes=\"auto, (max-width: 1024px) 100vw, 1024px\" \/><\/a><figcaption class=\"wp-element-caption\"><strong>Chambre 9<\/strong><br>CHF 100.- pour 1 pers. CHF 150.- pour 2 pers. \/ nuit\u00e9e<br>CHF 110.- pour 1 pers. CHF 160.- pour 2 pers. \/ nuit\u00e9e (Haute saison, Juin, Juillet et Ao\u00fbt)<\/figcaption><\/figure>\n\n\n\n<p><\/p>\n\n\n\n<figure class=\"wp-block-image size-large\"><a href=\"https:\/\/hoteldelaberoche.ch\/?page_id=192\"><img loading=\"lazy\" decoding=\"async\" width=\"1024\" height=\"340\" src=\"https:\/\/hoteldelaberoche.ch\/wp-content\/uploads\/2026\/03\/HDB_Banner_photo_chambre_10-1024x340.jpg\" alt=\"\" class=\"wp-image-1592\" srcset=\"https:\/\/hoteldelaberoche.ch\/wp-content\/uploads\/2026\/03\/HDB_Banner_photo_chambre_10-1024x340.jpg 1024w, https:\/\/hoteldelaberoche.ch\/wp-content\/uploads\/2026\/03\/HDB_Banner_photo_chambre_10-300x100.jpg 300w, https:\/\/hoteldelaberoche.ch\/wp-content\/uploads\/2026\/03\/HDB_Banner_photo_chambre_10-768x255.jpg 768w, https:\/\/hoteldelaberoche.ch\/wp-content\/uploads\/2026\/03\/HDB_Banner_photo_chambre_10.jpg 1200w\" sizes=\"auto, (max-width: 1024px) 100vw, 1024px\" \/><\/a><figcaption class=\"wp-element-caption\"><strong>Chambre 10<\/strong> (Chambre en annexe de la chambre 9)<br>CHF 80.- pour 1 pers. CHF 110.- pour 2 pers. \/ nuit\u00e9e<br>CHF 80.- pour 1 pers. CHF 110.- pour 2 pers. \/ nuit\u00e9e (Haute saison, Juin, Juillet et Ao\u00fbt)<\/figcaption><\/figure>\n\n\n\n<div style=\"height:35px\" aria-hidden=\"true\" class=\"wp-block-spacer\"><\/div>\n","protected":false},"excerpt":{"rendered":"<p>Huit chambres, r\u00e9sultat d&rsquo;une d\u00e9coration soign\u00e9e aux th\u00e8mes diff\u00e9rents pour plaire \u00e0 la fantaisie. Avec vue sur le lac et le jardin ou les \u00e9toiles cot\u00e9 montagne. Offre sp\u00e9ciale 2026 4 nuit\u00e9es en chambre double pour 2 personnes, la 4e nuit est offerte!(la taxe de s\u00e9jour n&rsquo;est pas comprise)<\/p>\n","protected":false},"author":1,"featured_media":0,"parent":0,"menu_order":0,"comment_status":"closed","ping_status":"closed","template":"","meta":{"footnotes":""},"class_list":["post-29","page","type-page","status-publish","hentry"],"_links":{"self":[{"href":"https:\/\/hoteldelaberoche.ch\/index.php?rest_route=\/wp\/v2\/pages\/29","targetHints":{"allow":["GET"]}}],"collection":[{"href":"https:\/\/hoteldelaberoche.ch\/index.php?rest_route=\/wp\/v2\/pages"}],"about":[{"href":"https:\/\/hoteldelaberoche.ch\/index.php?rest_route=\/wp\/v2\/types\/page"}],"author":[{"embeddable":true,"href":"https:\/\/hoteldelaberoche.ch\/index.php?rest_route=\/wp\/v2\/users\/1"}],"replies":[{"embeddable":true,"href":"https:\/\/hoteldelaberoche.ch\/index.php?rest_route=%2Fwp%2Fv2%2Fcomments&post=29"}],"version-history":[{"count":60,"href":"https:\/\/hoteldelaberoche.ch\/index.php?rest_route=\/wp\/v2\/pages\/29\/revisions"}],"predecessor-version":[{"id":1633,"href":"https:\/\/hoteldelaberoche.ch\/index.php?rest_route=\/wp\/v2\/pages\/29\/revisions\/1633"}],"wp:attachment":[{"href":"https:\/\/hoteldelaberoche.ch\/index.php?rest_route=%2Fwp%2Fv2%2Fmedia&parent=29"}],"curies":[{"name":"wp","href":"https:\/\/api.w.org\/{rel}","templated":true}]}}