{"id":33,"date":"2019-05-21T14:18:17","date_gmt":"2019-05-21T12:18:17","guid":{"rendered":"http:\/\/hoteldelaberoche.ch\/?page_id=33"},"modified":"2025-08-28T10:06:02","modified_gmt":"2025-08-28T08:06:02","slug":"reservation-contact","status":"publish","type":"page","link":"https:\/\/hoteldelaberoche.ch\/?page_id=33","title":{"rendered":"R\u00e9servations &#8211; Contact"},"content":{"rendered":"\n<p><strong>Adresse<\/strong><br>H\u00f4tel Restaurant de la B\u00e9roche<br>Rue du Temple 29<br>2024 Saint-Aubin-Sauges<br>Suisse<\/p>\n\n\n\n<p><strong>Contacts<\/strong><br><a href=\"mailto:info@hoteldelaberoche.ch\">info@hoteldelaberoche.ch<\/a><br>R\u00e9servations <strong>restaurant<\/strong> <a href=\"tel:+41 32 835 15 20\">+41 32 835 15 20<\/a><br>R\u00e9servations <strong>h\u00f4tel<\/strong> <a href=\"tel:+41774161474\">+41 77 416 14 74<\/a><\/p>\n\n\n\n<p><strong>Horaires du restaurant<\/strong><br> <\/p>\n\n\n\n<figure class=\"wp-block-table\"><table><tbody><tr><td>Lundi<\/td><td>ferm\u00e9<\/td><\/tr><tr><td>Mardi<\/td><td> 11h00 &#8211;  14h00 \/ 18hoo &#8211; 23h30<\/td><\/tr><tr><td>Mercredi<\/td><td> 11h00 &#8211;  14h00 \/ 18hoo &#8211; 23h30<\/td><\/tr><tr><td>Jeudi<\/td><td> 11h00 &#8211;  14h00 \/ 18hoo &#8211; 23h30<\/td><\/tr><tr><td>Vendredi<\/td><td> 11h00 &#8211;  14h00 \/ 18hoo &#8211; 23h30<\/td><\/tr><tr><td>Samedi<\/td><td>ferm\u00e9 \/ 18hoo &#8211; 23h30<\/td><\/tr><tr><td>Dimanche<\/td><td>ferm\u00e9<\/td><\/tr><\/tbody><\/table><\/figure>\n\n\n\n<p><strong>Acc\u00e8s<\/strong><br>Parking  public \u00e0 disposition.<br>Local \u00e0 v\u00e9lo s\u00e9curis\u00e9 (\u00e9lectricit\u00e9 pour recharge \u00e0 disposition)<\/p>\n\n\n\n<!-- iframe plugin v.6.0 wordpress.org\/plugins\/iframe\/ -->\n<iframe loading=\"lazy\" src=\"https:\/\/www.google.com\/maps\/embed?pb=!1m18!1m12!1m3!1d681.5989772415844!2d6.773221692146906!3d46.89493168207037!2m3!1f0!2f0!3f0!3m2!1i1024!2i768!4f13.1!3m3!1m2!1s0x478ddc4af9891dc5%3A0xcbd97361385b9138!2sH%C3%B4tel+Restaurant+de+la+B%C3%A9roche!5e0!3m2!1sfr!2sch!4v1565601356759!5m2!1sfr!2sch\" width=\"100%\" height=\"500\" scrolling=\"yes\" class=\"iframe-class\" frameborder=\"0\"><\/iframe>\n\n","protected":false},"excerpt":{"rendered":"<p>AdresseH\u00f4tel Restaurant de la B\u00e9rocheRue du Temple 292024 Saint-Aubin-SaugesSuisse Contactsinfo@hoteldelaberoche.chR\u00e9servations restaurant +41 32 835 15 20R\u00e9servations h\u00f4tel +41 77 416 14 74 Horaires du restaurant Lundi ferm\u00e9 Mardi 11h00 &#8211; 14h00 \/ 18hoo &#8211; 23h30 Mercredi 11h00 &#8211; 14h00 \/ 18hoo &#8211; 23h30 Jeudi 11h00 &#8211; 14h00 \/ 18hoo &#8211; 23h30 Vendredi 11h00 &#8211; 14h00 [&hellip;]<\/p>\n","protected":false},"author":1,"featured_media":0,"parent":0,"menu_order":100,"comment_status":"closed","ping_status":"closed","template":"","meta":{"footnotes":""},"class_list":["post-33","page","type-page","status-publish","hentry"],"_links":{"self":[{"href":"https:\/\/hoteldelaberoche.ch\/index.php?rest_route=\/wp\/v2\/pages\/33","targetHints":{"allow":["GET"]}}],"collection":[{"href":"https:\/\/hoteldelaberoche.ch\/index.php?rest_route=\/wp\/v2\/pages"}],"about":[{"href":"https:\/\/hoteldelaberoche.ch\/index.php?rest_route=\/wp\/v2\/types\/page"}],"author":[{"embeddable":true,"href":"https:\/\/hoteldelaberoche.ch\/index.php?rest_route=\/wp\/v2\/users\/1"}],"replies":[{"embeddable":true,"href":"https:\/\/hoteldelaberoche.ch\/index.php?rest_route=%2Fwp%2Fv2%2Fcomments&post=33"}],"version-history":[{"count":39,"href":"https:\/\/hoteldelaberoche.ch\/index.php?rest_route=\/wp\/v2\/pages\/33\/revisions"}],"predecessor-version":[{"id":1416,"href":"https:\/\/hoteldelaberoche.ch\/index.php?rest_route=\/wp\/v2\/pages\/33\/revisions\/1416"}],"wp:attachment":[{"href":"https:\/\/hoteldelaberoche.ch\/index.php?rest_route=%2Fwp%2Fv2%2Fmedia&parent=33"}],"curies":[{"name":"wp","href":"https:\/\/api.w.org\/{rel}","templated":true}]}}