{"id":68,"date":"2019-05-21T14:46:26","date_gmt":"2019-05-21T12:46:26","guid":{"rendered":"http:\/\/hoteldelaberoche.ch\/?page_id=68"},"modified":"2021-12-15T16:47:50","modified_gmt":"2021-12-15T15:47:50","slug":"jardin","status":"publish","type":"page","link":"https:\/\/hoteldelaberoche.ch\/?page_id=68","title":{"rendered":"Jardin"},"content":{"rendered":"\n<p>Profitez d&rsquo;un moment hors du temps dans un jardin fleuri invitant \u00e0 la r\u00eaverie et au ressourcement. <\/p>\n\n\n\n<figure class=\"wp-block-image\"><img loading=\"lazy\" decoding=\"async\" width=\"1024\" height=\"340\" src=\"http:\/\/hoteldelaberoche.ch\/wp-content\/uploads\/2019\/08\/chaise_jardin-1024x340.jpg\" alt=\"\" class=\"wp-image-83\" srcset=\"https:\/\/hoteldelaberoche.ch\/wp-content\/uploads\/2019\/08\/chaise_jardin-1024x340.jpg 1024w, https:\/\/hoteldelaberoche.ch\/wp-content\/uploads\/2019\/08\/chaise_jardin-300x100.jpg 300w, https:\/\/hoteldelaberoche.ch\/wp-content\/uploads\/2019\/08\/chaise_jardin-768x255.jpg 768w, https:\/\/hoteldelaberoche.ch\/wp-content\/uploads\/2019\/08\/chaise_jardin.jpg 1200w\" sizes=\"auto, (max-width: 1024px) 100vw, 1024px\" \/><\/figure>\n\n\n\n<p>Un endroit hors du temps. Que vous r\u00e9sidiez \u00e0 l&rsquo;h\u00f4tel ou de passage au restaurant venez d\u00e9couvrir les roses et autres vari\u00e9t\u00e9s \u00e9tonnantes.<\/p>\n\n\n\n<figure class=\"wp-block-image\"><img loading=\"lazy\" decoding=\"async\" width=\"1024\" height=\"340\" src=\"http:\/\/hoteldelaberoche.ch\/wp-content\/uploads\/2019\/08\/HDB_Banner_ail-1024x340.jpg\" alt=\"\" class=\"wp-image-85\" srcset=\"https:\/\/hoteldelaberoche.ch\/wp-content\/uploads\/2019\/08\/HDB_Banner_ail-1024x340.jpg 1024w, https:\/\/hoteldelaberoche.ch\/wp-content\/uploads\/2019\/08\/HDB_Banner_ail-300x100.jpg 300w, https:\/\/hoteldelaberoche.ch\/wp-content\/uploads\/2019\/08\/HDB_Banner_ail-768x255.jpg 768w, https:\/\/hoteldelaberoche.ch\/wp-content\/uploads\/2019\/08\/HDB_Banner_ail.jpg 1200w\" sizes=\"auto, (max-width: 1024px) 100vw, 1024px\" \/><\/figure>\n\n\n\n<figure class=\"wp-block-image\"><img loading=\"lazy\" decoding=\"async\" width=\"1024\" height=\"340\" src=\"http:\/\/hoteldelaberoche.ch\/wp-content\/uploads\/2019\/08\/HDB_Banner_photo_jardin-1024x340.jpg\" alt=\"\" class=\"wp-image-272\" srcset=\"https:\/\/hoteldelaberoche.ch\/wp-content\/uploads\/2019\/08\/HDB_Banner_photo_jardin-1024x340.jpg 1024w, https:\/\/hoteldelaberoche.ch\/wp-content\/uploads\/2019\/08\/HDB_Banner_photo_jardin-300x100.jpg 300w, https:\/\/hoteldelaberoche.ch\/wp-content\/uploads\/2019\/08\/HDB_Banner_photo_jardin-768x255.jpg 768w, https:\/\/hoteldelaberoche.ch\/wp-content\/uploads\/2019\/08\/HDB_Banner_photo_jardin.jpg 1200w\" sizes=\"auto, (max-width: 1024px) 100vw, 1024px\" \/><\/figure>\n\n\n\n<figure class=\"wp-block-image\"><img loading=\"lazy\" decoding=\"async\" width=\"1024\" height=\"340\" src=\"http:\/\/hoteldelaberoche.ch\/wp-content\/uploads\/2019\/08\/HDB_Banner_photo_jardin_rose-1024x340.jpg\" alt=\"\" class=\"wp-image-274\" srcset=\"https:\/\/hoteldelaberoche.ch\/wp-content\/uploads\/2019\/08\/HDB_Banner_photo_jardin_rose-1024x340.jpg 1024w, https:\/\/hoteldelaberoche.ch\/wp-content\/uploads\/2019\/08\/HDB_Banner_photo_jardin_rose-300x100.jpg 300w, https:\/\/hoteldelaberoche.ch\/wp-content\/uploads\/2019\/08\/HDB_Banner_photo_jardin_rose-768x255.jpg 768w, https:\/\/hoteldelaberoche.ch\/wp-content\/uploads\/2019\/08\/HDB_Banner_photo_jardin_rose.jpg 1200w\" sizes=\"auto, (max-width: 1024px) 100vw, 1024px\" \/><\/figure>\n","protected":false},"excerpt":{"rendered":"<p>Profitez d&rsquo;un moment hors du temps dans un jardin fleuri invitant \u00e0 la r\u00eaverie et au ressourcement. Un endroit hors du temps. Que vous r\u00e9sidiez \u00e0 l&rsquo;h\u00f4tel ou de passage au restaurant venez d\u00e9couvrir les roses et autres vari\u00e9t\u00e9s \u00e9tonnantes.<\/p>\n","protected":false},"author":1,"featured_media":0,"parent":0,"menu_order":0,"comment_status":"closed","ping_status":"closed","template":"","meta":{"footnotes":""},"class_list":["post-68","page","type-page","status-publish","hentry"],"_links":{"self":[{"href":"https:\/\/hoteldelaberoche.ch\/index.php?rest_route=\/wp\/v2\/pages\/68","targetHints":{"allow":["GET"]}}],"collection":[{"href":"https:\/\/hoteldelaberoche.ch\/index.php?rest_route=\/wp\/v2\/pages"}],"about":[{"href":"https:\/\/hoteldelaberoche.ch\/index.php?rest_route=\/wp\/v2\/types\/page"}],"author":[{"embeddable":true,"href":"https:\/\/hoteldelaberoche.ch\/index.php?rest_route=\/wp\/v2\/users\/1"}],"replies":[{"embeddable":true,"href":"https:\/\/hoteldelaberoche.ch\/index.php?rest_route=%2Fwp%2Fv2%2Fcomments&post=68"}],"version-history":[{"count":8,"href":"https:\/\/hoteldelaberoche.ch\/index.php?rest_route=\/wp\/v2\/pages\/68\/revisions"}],"predecessor-version":[{"id":934,"href":"https:\/\/hoteldelaberoche.ch\/index.php?rest_route=\/wp\/v2\/pages\/68\/revisions\/934"}],"wp:attachment":[{"href":"https:\/\/hoteldelaberoche.ch\/index.php?rest_route=%2Fwp%2Fv2%2Fmedia&parent=68"}],"curies":[{"name":"wp","href":"https:\/\/api.w.org\/{rel}","templated":true}]}}