{"id":788,"date":"2021-07-01T11:48:52","date_gmt":"2021-07-01T09:48:52","guid":{"rendered":"https:\/\/hoteldelaberoche.ch\/?page_id=788"},"modified":"2026-04-01T08:32:09","modified_gmt":"2026-04-01T06:32:09","slug":"chambre-5","status":"publish","type":"page","link":"https:\/\/hoteldelaberoche.ch\/?page_id=788","title":{"rendered":"Chambre 5"},"content":{"rendered":"\n<p><\/p>\n\n\n\n<p>\u2022 Lit double<br>\u2022 Salle de bain avec douche<br>\u2022 TV<br>\u2022 Wifi gratuit<\/p>\n\n\n\n<p>CHF 100.- pour 1 pers. CHF 150.- pour 2 pers. \/ nuit\u00e9e<br>CHF 110.- pour 1 pers. CHF 160.- pour 2 pers. \/ nuit\u00e9e (Haute saison, Juin, Juillet et Ao\u00fbt)<\/p>\n\n\n\n<p><em>N&rsquo;oubliez pas de r\u00e9server votre table au restaurant ou sur la <\/em>terrasse.<br><em>Petit d\u00e9jeuner CHF 15.-\/pers.<\/em> <br><\/p>\n\n\n\n<figure class=\"wp-block-gallery has-nested-images columns-default is-cropped wp-block-gallery-1 is-layout-flex wp-block-gallery-is-layout-flex\">\n<figure class=\"wp-block-image size-large\"><img loading=\"lazy\" decoding=\"async\" width=\"1024\" height=\"684\" data-id=\"1557\" src=\"https:\/\/hoteldelaberoche.ch\/wp-content\/uploads\/2026\/03\/DSC_1019-1024x684.jpg\" alt=\"\" class=\"wp-image-1557\" srcset=\"https:\/\/hoteldelaberoche.ch\/wp-content\/uploads\/2026\/03\/DSC_1019-1024x684.jpg 1024w, https:\/\/hoteldelaberoche.ch\/wp-content\/uploads\/2026\/03\/DSC_1019-300x200.jpg 300w, https:\/\/hoteldelaberoche.ch\/wp-content\/uploads\/2026\/03\/DSC_1019-768x513.jpg 768w, https:\/\/hoteldelaberoche.ch\/wp-content\/uploads\/2026\/03\/DSC_1019-1536x1025.jpg 1536w, https:\/\/hoteldelaberoche.ch\/wp-content\/uploads\/2026\/03\/DSC_1019-2048x1367.jpg 2048w\" sizes=\"auto, (max-width: 1024px) 100vw, 1024px\" \/><\/figure>\n\n\n\n<figure class=\"wp-block-image size-large\"><img loading=\"lazy\" decoding=\"async\" width=\"684\" height=\"1024\" data-id=\"1563\" src=\"https:\/\/hoteldelaberoche.ch\/wp-content\/uploads\/2026\/03\/DSC_1024-684x1024.jpg\" alt=\"\" class=\"wp-image-1563\" srcset=\"https:\/\/hoteldelaberoche.ch\/wp-content\/uploads\/2026\/03\/DSC_1024-684x1024.jpg 684w, https:\/\/hoteldelaberoche.ch\/wp-content\/uploads\/2026\/03\/DSC_1024-200x300.jpg 200w, https:\/\/hoteldelaberoche.ch\/wp-content\/uploads\/2026\/03\/DSC_1024-768x1150.jpg 768w, https:\/\/hoteldelaberoche.ch\/wp-content\/uploads\/2026\/03\/DSC_1024-1025x1536.jpg 1025w, https:\/\/hoteldelaberoche.ch\/wp-content\/uploads\/2026\/03\/DSC_1024-1367x2048.jpg 1367w, https:\/\/hoteldelaberoche.ch\/wp-content\/uploads\/2026\/03\/DSC_1024-scaled.jpg 1709w\" sizes=\"auto, (max-width: 684px) 100vw, 684px\" \/><\/figure>\n\n\n\n<figure class=\"wp-block-image size-large\"><img loading=\"lazy\" decoding=\"async\" width=\"684\" height=\"1024\" data-id=\"1565\" src=\"https:\/\/hoteldelaberoche.ch\/wp-content\/uploads\/2026\/03\/DSC_1018-684x1024.jpg\" alt=\"\" class=\"wp-image-1565\" srcset=\"https:\/\/hoteldelaberoche.ch\/wp-content\/uploads\/2026\/03\/DSC_1018-684x1024.jpg 684w, https:\/\/hoteldelaberoche.ch\/wp-content\/uploads\/2026\/03\/DSC_1018-200x300.jpg 200w, https:\/\/hoteldelaberoche.ch\/wp-content\/uploads\/2026\/03\/DSC_1018-768x1150.jpg 768w, https:\/\/hoteldelaberoche.ch\/wp-content\/uploads\/2026\/03\/DSC_1018-1025x1536.jpg 1025w, https:\/\/hoteldelaberoche.ch\/wp-content\/uploads\/2026\/03\/DSC_1018-1367x2048.jpg 1367w, https:\/\/hoteldelaberoche.ch\/wp-content\/uploads\/2026\/03\/DSC_1018-scaled.jpg 1709w\" sizes=\"auto, (max-width: 684px) 100vw, 684px\" \/><\/figure>\n\n\n\n<figure class=\"wp-block-image size-large\"><img loading=\"lazy\" decoding=\"async\" width=\"684\" height=\"1024\" data-id=\"1562\" src=\"https:\/\/hoteldelaberoche.ch\/wp-content\/uploads\/2026\/03\/DSC_1025-684x1024.jpg\" alt=\"\" class=\"wp-image-1562\" srcset=\"https:\/\/hoteldelaberoche.ch\/wp-content\/uploads\/2026\/03\/DSC_1025-684x1024.jpg 684w, https:\/\/hoteldelaberoche.ch\/wp-content\/uploads\/2026\/03\/DSC_1025-200x300.jpg 200w, https:\/\/hoteldelaberoche.ch\/wp-content\/uploads\/2026\/03\/DSC_1025-768x1150.jpg 768w, https:\/\/hoteldelaberoche.ch\/wp-content\/uploads\/2026\/03\/DSC_1025-1025x1536.jpg 1025w, https:\/\/hoteldelaberoche.ch\/wp-content\/uploads\/2026\/03\/DSC_1025-1367x2048.jpg 1367w, https:\/\/hoteldelaberoche.ch\/wp-content\/uploads\/2026\/03\/DSC_1025-scaled.jpg 1709w\" sizes=\"auto, (max-width: 684px) 100vw, 684px\" \/><\/figure>\n\n\n\n<figure class=\"wp-block-image size-large\"><img loading=\"lazy\" decoding=\"async\" width=\"684\" height=\"1024\" data-id=\"1555\" src=\"https:\/\/hoteldelaberoche.ch\/wp-content\/uploads\/2026\/03\/DSC_1077-684x1024.jpg\" alt=\"\" class=\"wp-image-1555\" srcset=\"https:\/\/hoteldelaberoche.ch\/wp-content\/uploads\/2026\/03\/DSC_1077-684x1024.jpg 684w, https:\/\/hoteldelaberoche.ch\/wp-content\/uploads\/2026\/03\/DSC_1077-200x300.jpg 200w, https:\/\/hoteldelaberoche.ch\/wp-content\/uploads\/2026\/03\/DSC_1077-768x1151.jpg 768w, https:\/\/hoteldelaberoche.ch\/wp-content\/uploads\/2026\/03\/DSC_1077-1025x1536.jpg 1025w, https:\/\/hoteldelaberoche.ch\/wp-content\/uploads\/2026\/03\/DSC_1077-1367x2048.jpg 1367w, https:\/\/hoteldelaberoche.ch\/wp-content\/uploads\/2026\/03\/DSC_1077-scaled.jpg 1709w\" sizes=\"auto, (max-width: 684px) 100vw, 684px\" \/><\/figure>\n\n\n\n<figure class=\"wp-block-image size-large\"><img loading=\"lazy\" decoding=\"async\" width=\"1024\" height=\"684\" data-id=\"1567\" src=\"https:\/\/hoteldelaberoche.ch\/wp-content\/uploads\/2026\/03\/DSC_1026-1024x684.jpg\" alt=\"\" class=\"wp-image-1567\" srcset=\"https:\/\/hoteldelaberoche.ch\/wp-content\/uploads\/2026\/03\/DSC_1026-1024x684.jpg 1024w, https:\/\/hoteldelaberoche.ch\/wp-content\/uploads\/2026\/03\/DSC_1026-300x200.jpg 300w, https:\/\/hoteldelaberoche.ch\/wp-content\/uploads\/2026\/03\/DSC_1026-768x513.jpg 768w, https:\/\/hoteldelaberoche.ch\/wp-content\/uploads\/2026\/03\/DSC_1026-1536x1025.jpg 1536w, https:\/\/hoteldelaberoche.ch\/wp-content\/uploads\/2026\/03\/DSC_1026-2048x1367.jpg 2048w\" sizes=\"auto, (max-width: 1024px) 100vw, 1024px\" \/><\/figure>\n\n\n\n<figure class=\"wp-block-image size-large\"><img loading=\"lazy\" decoding=\"async\" width=\"1024\" height=\"684\" data-id=\"1560\" src=\"https:\/\/hoteldelaberoche.ch\/wp-content\/uploads\/2026\/03\/DSC_1055-1024x684.jpg\" alt=\"\" class=\"wp-image-1560\" srcset=\"https:\/\/hoteldelaberoche.ch\/wp-content\/uploads\/2026\/03\/DSC_1055-1024x684.jpg 1024w, https:\/\/hoteldelaberoche.ch\/wp-content\/uploads\/2026\/03\/DSC_1055-300x200.jpg 300w, https:\/\/hoteldelaberoche.ch\/wp-content\/uploads\/2026\/03\/DSC_1055-768x513.jpg 768w, https:\/\/hoteldelaberoche.ch\/wp-content\/uploads\/2026\/03\/DSC_1055-1536x1025.jpg 1536w, https:\/\/hoteldelaberoche.ch\/wp-content\/uploads\/2026\/03\/DSC_1055-2048x1367.jpg 2048w\" sizes=\"auto, (max-width: 1024px) 100vw, 1024px\" \/><\/figure>\n\n\n\n<figure class=\"wp-block-image size-large\"><img loading=\"lazy\" decoding=\"async\" width=\"1024\" height=\"684\" data-id=\"1556\" src=\"https:\/\/hoteldelaberoche.ch\/wp-content\/uploads\/2026\/03\/DSC_1030-1024x684.jpg\" alt=\"\" class=\"wp-image-1556\" srcset=\"https:\/\/hoteldelaberoche.ch\/wp-content\/uploads\/2026\/03\/DSC_1030-1024x684.jpg 1024w, https:\/\/hoteldelaberoche.ch\/wp-content\/uploads\/2026\/03\/DSC_1030-300x200.jpg 300w, https:\/\/hoteldelaberoche.ch\/wp-content\/uploads\/2026\/03\/DSC_1030-768x513.jpg 768w, https:\/\/hoteldelaberoche.ch\/wp-content\/uploads\/2026\/03\/DSC_1030-1536x1025.jpg 1536w, https:\/\/hoteldelaberoche.ch\/wp-content\/uploads\/2026\/03\/DSC_1030-2048x1367.jpg 2048w\" sizes=\"auto, (max-width: 1024px) 100vw, 1024px\" \/><\/figure>\n\n\n\n<figure class=\"wp-block-image size-large\"><img loading=\"lazy\" decoding=\"async\" width=\"674\" height=\"1024\" data-id=\"1559\" src=\"https:\/\/hoteldelaberoche.ch\/wp-content\/uploads\/2026\/03\/DSC_1054-674x1024.jpg\" alt=\"\" class=\"wp-image-1559\" srcset=\"https:\/\/hoteldelaberoche.ch\/wp-content\/uploads\/2026\/03\/DSC_1054-674x1024.jpg 674w, https:\/\/hoteldelaberoche.ch\/wp-content\/uploads\/2026\/03\/DSC_1054-198x300.jpg 198w, https:\/\/hoteldelaberoche.ch\/wp-content\/uploads\/2026\/03\/DSC_1054-768x1166.jpg 768w, https:\/\/hoteldelaberoche.ch\/wp-content\/uploads\/2026\/03\/DSC_1054-1012x1536.jpg 1012w, https:\/\/hoteldelaberoche.ch\/wp-content\/uploads\/2026\/03\/DSC_1054-1349x2048.jpg 1349w, https:\/\/hoteldelaberoche.ch\/wp-content\/uploads\/2026\/03\/DSC_1054-scaled.jpg 1686w\" sizes=\"auto, (max-width: 674px) 100vw, 674px\" \/><\/figure>\n\n\n\n<figure class=\"wp-block-image size-large\"><img loading=\"lazy\" decoding=\"async\" width=\"1024\" height=\"684\" data-id=\"1566\" src=\"https:\/\/hoteldelaberoche.ch\/wp-content\/uploads\/2026\/03\/DSC_1074-1024x684.jpg\" alt=\"\" class=\"wp-image-1566\" srcset=\"https:\/\/hoteldelaberoche.ch\/wp-content\/uploads\/2026\/03\/DSC_1074-1024x684.jpg 1024w, https:\/\/hoteldelaberoche.ch\/wp-content\/uploads\/2026\/03\/DSC_1074-300x200.jpg 300w, https:\/\/hoteldelaberoche.ch\/wp-content\/uploads\/2026\/03\/DSC_1074-768x513.jpg 768w, https:\/\/hoteldelaberoche.ch\/wp-content\/uploads\/2026\/03\/DSC_1074-1536x1025.jpg 1536w, https:\/\/hoteldelaberoche.ch\/wp-content\/uploads\/2026\/03\/DSC_1074-2048x1367.jpg 2048w\" sizes=\"auto, (max-width: 1024px) 100vw, 1024px\" \/><\/figure>\n\n\n\n<figure class=\"wp-block-image size-large\"><img loading=\"lazy\" decoding=\"async\" width=\"684\" height=\"1024\" data-id=\"1564\" src=\"https:\/\/hoteldelaberoche.ch\/wp-content\/uploads\/2026\/03\/DSC_1049-684x1024.jpg\" alt=\"\" class=\"wp-image-1564\" srcset=\"https:\/\/hoteldelaberoche.ch\/wp-content\/uploads\/2026\/03\/DSC_1049-684x1024.jpg 684w, https:\/\/hoteldelaberoche.ch\/wp-content\/uploads\/2026\/03\/DSC_1049-200x300.jpg 200w, https:\/\/hoteldelaberoche.ch\/wp-content\/uploads\/2026\/03\/DSC_1049-768x1150.jpg 768w, https:\/\/hoteldelaberoche.ch\/wp-content\/uploads\/2026\/03\/DSC_1049-1025x1536.jpg 1025w, https:\/\/hoteldelaberoche.ch\/wp-content\/uploads\/2026\/03\/DSC_1049-1367x2048.jpg 1367w, https:\/\/hoteldelaberoche.ch\/wp-content\/uploads\/2026\/03\/DSC_1049-scaled.jpg 1709w\" sizes=\"auto, (max-width: 684px) 100vw, 684px\" \/><\/figure>\n\n\n\n<figure class=\"wp-block-image size-large\"><img loading=\"lazy\" decoding=\"async\" width=\"684\" height=\"1024\" data-id=\"1571\" src=\"https:\/\/hoteldelaberoche.ch\/wp-content\/uploads\/2026\/03\/DSC_1041-684x1024.jpg\" alt=\"\" class=\"wp-image-1571\" srcset=\"https:\/\/hoteldelaberoche.ch\/wp-content\/uploads\/2026\/03\/DSC_1041-684x1024.jpg 684w, https:\/\/hoteldelaberoche.ch\/wp-content\/uploads\/2026\/03\/DSC_1041-200x300.jpg 200w, https:\/\/hoteldelaberoche.ch\/wp-content\/uploads\/2026\/03\/DSC_1041-768x1150.jpg 768w, https:\/\/hoteldelaberoche.ch\/wp-content\/uploads\/2026\/03\/DSC_1041-1025x1536.jpg 1025w, https:\/\/hoteldelaberoche.ch\/wp-content\/uploads\/2026\/03\/DSC_1041-1367x2048.jpg 1367w, https:\/\/hoteldelaberoche.ch\/wp-content\/uploads\/2026\/03\/DSC_1041-scaled.jpg 1709w\" sizes=\"auto, (max-width: 684px) 100vw, 684px\" \/><\/figure>\n\n\n\n<figure class=\"wp-block-image size-large\"><img loading=\"lazy\" decoding=\"async\" width=\"684\" height=\"1024\" data-id=\"1558\" src=\"https:\/\/hoteldelaberoche.ch\/wp-content\/uploads\/2026\/03\/DSC_1036-684x1024.jpg\" alt=\"\" class=\"wp-image-1558\" srcset=\"https:\/\/hoteldelaberoche.ch\/wp-content\/uploads\/2026\/03\/DSC_1036-684x1024.jpg 684w, https:\/\/hoteldelaberoche.ch\/wp-content\/uploads\/2026\/03\/DSC_1036-200x300.jpg 200w, https:\/\/hoteldelaberoche.ch\/wp-content\/uploads\/2026\/03\/DSC_1036-768x1150.jpg 768w, https:\/\/hoteldelaberoche.ch\/wp-content\/uploads\/2026\/03\/DSC_1036-1025x1536.jpg 1025w, https:\/\/hoteldelaberoche.ch\/wp-content\/uploads\/2026\/03\/DSC_1036-1367x2048.jpg 1367w, https:\/\/hoteldelaberoche.ch\/wp-content\/uploads\/2026\/03\/DSC_1036-scaled.jpg 1709w\" sizes=\"auto, (max-width: 684px) 100vw, 684px\" \/><\/figure>\n\n\n\n<figure class=\"wp-block-image size-large\"><img loading=\"lazy\" decoding=\"async\" width=\"684\" height=\"1024\" data-id=\"1570\" src=\"https:\/\/hoteldelaberoche.ch\/wp-content\/uploads\/2026\/03\/DSC_1065-684x1024.jpg\" alt=\"\" class=\"wp-image-1570\" srcset=\"https:\/\/hoteldelaberoche.ch\/wp-content\/uploads\/2026\/03\/DSC_1065-684x1024.jpg 684w, https:\/\/hoteldelaberoche.ch\/wp-content\/uploads\/2026\/03\/DSC_1065-200x300.jpg 200w, https:\/\/hoteldelaberoche.ch\/wp-content\/uploads\/2026\/03\/DSC_1065-768x1151.jpg 768w, https:\/\/hoteldelaberoche.ch\/wp-content\/uploads\/2026\/03\/DSC_1065-1025x1536.jpg 1025w, https:\/\/hoteldelaberoche.ch\/wp-content\/uploads\/2026\/03\/DSC_1065-1367x2048.jpg 1367w, https:\/\/hoteldelaberoche.ch\/wp-content\/uploads\/2026\/03\/DSC_1065-scaled.jpg 1709w\" sizes=\"auto, (max-width: 684px) 100vw, 684px\" \/><\/figure>\n\n\n\n<figure class=\"wp-block-image\"><img loading=\"lazy\" decoding=\"async\" width=\"1000\" height=\"668\" data-id=\"793\" src=\"https:\/\/hoteldelaberoche.ch\/wp-content\/uploads\/2021\/07\/DSC_6864.jpg\" alt=\"\" class=\"wp-image-793\" srcset=\"https:\/\/hoteldelaberoche.ch\/wp-content\/uploads\/2021\/07\/DSC_6864.jpg 1000w, https:\/\/hoteldelaberoche.ch\/wp-content\/uploads\/2021\/07\/DSC_6864-300x200.jpg 300w, https:\/\/hoteldelaberoche.ch\/wp-content\/uploads\/2021\/07\/DSC_6864-768x513.jpg 768w\" sizes=\"auto, (max-width: 1000px) 100vw, 1000px\" \/><\/figure>\n\n\n\n<figure class=\"wp-block-image size-large\"><img loading=\"lazy\" decoding=\"async\" width=\"684\" height=\"1024\" data-id=\"1569\" src=\"https:\/\/hoteldelaberoche.ch\/wp-content\/uploads\/2026\/03\/DSC_1033-684x1024.jpg\" alt=\"\" class=\"wp-image-1569\" srcset=\"https:\/\/hoteldelaberoche.ch\/wp-content\/uploads\/2026\/03\/DSC_1033-684x1024.jpg 684w, https:\/\/hoteldelaberoche.ch\/wp-content\/uploads\/2026\/03\/DSC_1033-200x300.jpg 200w, https:\/\/hoteldelaberoche.ch\/wp-content\/uploads\/2026\/03\/DSC_1033-768x1150.jpg 768w, https:\/\/hoteldelaberoche.ch\/wp-content\/uploads\/2026\/03\/DSC_1033-1025x1536.jpg 1025w, https:\/\/hoteldelaberoche.ch\/wp-content\/uploads\/2026\/03\/DSC_1033-1367x2048.jpg 1367w, https:\/\/hoteldelaberoche.ch\/wp-content\/uploads\/2026\/03\/DSC_1033-scaled.jpg 1709w\" sizes=\"auto, (max-width: 684px) 100vw, 684px\" \/><\/figure>\n<\/figure>\n","protected":false},"excerpt":{"rendered":"<p>\u2022 Lit double\u2022 Salle de bain avec douche\u2022 TV\u2022 Wifi gratuit CHF 100.- pour 1 pers. CHF 150.- pour 2 pers. \/ nuit\u00e9eCHF 110.- pour 1 pers. CHF 160.- pour 2 pers. \/ nuit\u00e9e (Haute saison, Juin, Juillet et Ao\u00fbt) N&rsquo;oubliez pas de r\u00e9server votre table au restaurant ou sur la terrasse.Petit d\u00e9jeuner CHF 15.-\/pers.<\/p>\n","protected":false},"author":1,"featured_media":0,"parent":29,"menu_order":5,"comment_status":"closed","ping_status":"closed","template":"","meta":{"footnotes":""},"class_list":["post-788","page","type-page","status-publish","hentry"],"_links":{"self":[{"href":"https:\/\/hoteldelaberoche.ch\/index.php?rest_route=\/wp\/v2\/pages\/788","targetHints":{"allow":["GET"]}}],"collection":[{"href":"https:\/\/hoteldelaberoche.ch\/index.php?rest_route=\/wp\/v2\/pages"}],"about":[{"href":"https:\/\/hoteldelaberoche.ch\/index.php?rest_route=\/wp\/v2\/types\/page"}],"author":[{"embeddable":true,"href":"https:\/\/hoteldelaberoche.ch\/index.php?rest_route=\/wp\/v2\/users\/1"}],"replies":[{"embeddable":true,"href":"https:\/\/hoteldelaberoche.ch\/index.php?rest_route=%2Fwp%2Fv2%2Fcomments&post=788"}],"version-history":[{"count":20,"href":"https:\/\/hoteldelaberoche.ch\/index.php?rest_route=\/wp\/v2\/pages\/788\/revisions"}],"predecessor-version":[{"id":1641,"href":"https:\/\/hoteldelaberoche.ch\/index.php?rest_route=\/wp\/v2\/pages\/788\/revisions\/1641"}],"up":[{"embeddable":true,"href":"https:\/\/hoteldelaberoche.ch\/index.php?rest_route=\/wp\/v2\/pages\/29"}],"wp:attachment":[{"href":"https:\/\/hoteldelaberoche.ch\/index.php?rest_route=%2Fwp%2Fv2%2Fmedia&parent=788"}],"curies":[{"name":"wp","href":"https:\/\/api.w.org\/{rel}","templated":true}]}}