{"id":937,"date":"2021-12-15T16:50:38","date_gmt":"2021-12-15T15:50:38","guid":{"rendered":"https:\/\/hoteldelaberoche.ch\/?page_id=937"},"modified":"2026-03-30T09:58:59","modified_gmt":"2026-03-30T07:58:59","slug":"hotel","status":"publish","type":"page","link":"https:\/\/hoteldelaberoche.ch\/?page_id=937&lang=de","title":{"rendered":"Das Hotel\u00a0"},"content":{"rendered":"\n<p>Neun Zimmer; das Ergebnis einer sorgf\u00e4ltigen Dekoration mit verschiedenen Themen, welche die Fantasie anregen. Mit Blick auf den See und den Garten oder auf die Sterne am Berghang.<\/p>\n\n\n\n<p><strong>Sonderangebot 202<\/strong>6<br>4 \u00dcbernachtungen im Doppelzimmer f\u00fcr 2 Personen, die 4. Nacht ist gratis!<br><br><font color=\"#98b835\">W\u00e4hrend der Ferienzeit von Donnerstag, 28. August, bis Dienstag, 30. September 2025, wird das Fr\u00fchst\u00fcck von 8:00 bis 9:30 Uhr serviert.<\/font><\/p>\n\n\n\n<figure class=\"wp-block-image\"><a href=\"https:\/\/hoteldelaberoche.ch\/?page_id=855\"><img loading=\"lazy\" decoding=\"async\" width=\"1024\" height=\"340\" src=\"https:\/\/hoteldelaberoche.ch\/wp-content\/uploads\/2021\/07\/HDB_Banner_photo_espacve_detente-1024x340.jpg\" alt=\"\" class=\"wp-image-888\" srcset=\"https:\/\/hoteldelaberoche.ch\/wp-content\/uploads\/2021\/07\/HDB_Banner_photo_espacve_detente-1024x340.jpg 1024w, https:\/\/hoteldelaberoche.ch\/wp-content\/uploads\/2021\/07\/HDB_Banner_photo_espacve_detente-300x100.jpg 300w, https:\/\/hoteldelaberoche.ch\/wp-content\/uploads\/2021\/07\/HDB_Banner_photo_espacve_detente-768x255.jpg 768w, https:\/\/hoteldelaberoche.ch\/wp-content\/uploads\/2021\/07\/HDB_Banner_photo_espacve_detente.jpg 1200w\" sizes=\"auto, (max-width: 1024px) 100vw, 1024px\" \/><\/a><figcaption class=\"wp-element-caption\"><strong>Entspannungsbereich<\/strong><\/figcaption><\/figure>\n\n\n\n<div style=\"height:35px\" aria-hidden=\"true\" class=\"wp-block-spacer\"><\/div>\n\n\n\n<figure class=\"wp-block-image size-large\"><a href=\"https:\/\/hoteldelaberoche.ch\/?page_id=959&amp;lang=de\"><img loading=\"lazy\" decoding=\"async\" width=\"1024\" height=\"340\" src=\"https:\/\/hoteldelaberoche.ch\/wp-content\/uploads\/2026\/03\/HDB_Banner_photo_chambre_1-3-1024x340.jpg\" alt=\"\" class=\"wp-image-1606\" srcset=\"https:\/\/hoteldelaberoche.ch\/wp-content\/uploads\/2026\/03\/HDB_Banner_photo_chambre_1-3-1024x340.jpg 1024w, https:\/\/hoteldelaberoche.ch\/wp-content\/uploads\/2026\/03\/HDB_Banner_photo_chambre_1-3-300x100.jpg 300w, https:\/\/hoteldelaberoche.ch\/wp-content\/uploads\/2026\/03\/HDB_Banner_photo_chambre_1-3-768x255.jpg 768w, https:\/\/hoteldelaberoche.ch\/wp-content\/uploads\/2026\/03\/HDB_Banner_photo_chambre_1-3.jpg 1200w\" sizes=\"auto, (max-width: 1024px) 100vw, 1024px\" \/><\/a><figcaption class=\"wp-element-caption\"><strong>Zimmer 1<\/strong><br>CHF 110.- f\u00fcr eine Person. CHF 170.- f\u00fcr zwei Personen \/ jeweils pro Nacht.<br>CHF 120.- f\u00fcr eine Person. CHF 180.- f\u00fcr zwei Personen \/ jeweils pro Nacht. (Hochsaison, Juni, Juli und August)<\/figcaption><\/figure>\n\n\n\n<div style=\"height:35px\" aria-hidden=\"true\" class=\"wp-block-spacer\"><\/div>\n\n\n\n<figure class=\"wp-block-image\"><a href=\"https:\/\/hoteldelaberoche.ch\/?page_id=975&amp;lang=de\"><img loading=\"lazy\" decoding=\"async\" width=\"1024\" height=\"340\" src=\"https:\/\/hoteldelaberoche.ch\/wp-content\/uploads\/2021\/07\/HDB_Banner_photo_chambre_3-1024x340.jpg\" alt=\"\" class=\"wp-image-844\" srcset=\"https:\/\/hoteldelaberoche.ch\/wp-content\/uploads\/2021\/07\/HDB_Banner_photo_chambre_3-1024x340.jpg 1024w, https:\/\/hoteldelaberoche.ch\/wp-content\/uploads\/2021\/07\/HDB_Banner_photo_chambre_3-300x100.jpg 300w, https:\/\/hoteldelaberoche.ch\/wp-content\/uploads\/2021\/07\/HDB_Banner_photo_chambre_3-768x255.jpg 768w, https:\/\/hoteldelaberoche.ch\/wp-content\/uploads\/2021\/07\/HDB_Banner_photo_chambre_3.jpg 1200w\" sizes=\"auto, (max-width: 1024px) 100vw, 1024px\" \/><\/a><figcaption class=\"wp-element-caption\"><strong>Zimmer 3<\/strong><br>CHF 100.- f\u00fcr eine Person. CHF 150.- f\u00fcr zwei Personen \/ jeweils pro Nacht.<br>CHF 110.- f\u00fcr eine Person. CHF 160.- f\u00fcr zwei Personen \/ jeweils pro Nacht. (Hochsaison, Juni, Juli und August)<\/figcaption><\/figure>\n\n\n\n<div style=\"height:35px\" aria-hidden=\"true\" class=\"wp-block-spacer\"><\/div>\n\n\n\n<figure class=\"wp-block-image\"><a href=\"https:\/\/hoteldelaberoche.ch\/?page_id=981&amp;lang=de\"><img loading=\"lazy\" decoding=\"async\" width=\"1024\" height=\"340\" src=\"http:\/\/hoteldelaberoche.ch\/wp-content\/uploads\/2019\/08\/HDB_Banner_photo_deco-1024x340.jpg\" alt=\"\" class=\"wp-image-103\" srcset=\"https:\/\/hoteldelaberoche.ch\/wp-content\/uploads\/2019\/08\/HDB_Banner_photo_deco-1024x340.jpg 1024w, https:\/\/hoteldelaberoche.ch\/wp-content\/uploads\/2019\/08\/HDB_Banner_photo_deco-300x100.jpg 300w, https:\/\/hoteldelaberoche.ch\/wp-content\/uploads\/2019\/08\/HDB_Banner_photo_deco-768x255.jpg 768w, https:\/\/hoteldelaberoche.ch\/wp-content\/uploads\/2019\/08\/HDB_Banner_photo_deco.jpg 1200w\" sizes=\"auto, (max-width: 1024px) 100vw, 1024px\" \/><\/a><figcaption class=\"wp-element-caption\"><strong>Zmmer 4<\/strong><br>CHF 100.- f\u00fcr eine Person. CHF 150.- f\u00fcr zwei Personen \/ jeweils pro Nacht.<br>CHF 110.- f\u00fcr eine Person. CHF 160.- f\u00fcr zwei Personen \/ jeweils pro Nacht. (Hochsaison, Juni, Juli und August)<\/figcaption><\/figure>\n\n\n\n<div style=\"height:35px\" aria-hidden=\"true\" class=\"wp-block-spacer\"><\/div>\n\n\n\n<figure class=\"wp-block-image size-large\"><a href=\"https:\/\/hoteldelaberoche.ch\/?page_id=986&amp;lang=de\"><img loading=\"lazy\" decoding=\"async\" width=\"1024\" height=\"340\" src=\"https:\/\/hoteldelaberoche.ch\/wp-content\/uploads\/2026\/03\/HDB_Banner_photo_chambre_5-1-1024x340.jpg\" alt=\"\" class=\"wp-image-1608\" srcset=\"https:\/\/hoteldelaberoche.ch\/wp-content\/uploads\/2026\/03\/HDB_Banner_photo_chambre_5-1-1024x340.jpg 1024w, https:\/\/hoteldelaberoche.ch\/wp-content\/uploads\/2026\/03\/HDB_Banner_photo_chambre_5-1-300x100.jpg 300w, https:\/\/hoteldelaberoche.ch\/wp-content\/uploads\/2026\/03\/HDB_Banner_photo_chambre_5-1-768x255.jpg 768w, https:\/\/hoteldelaberoche.ch\/wp-content\/uploads\/2026\/03\/HDB_Banner_photo_chambre_5-1.jpg 1200w\" sizes=\"auto, (max-width: 1024px) 100vw, 1024px\" \/><\/a><figcaption class=\"wp-element-caption\"><strong>Zimmer 5<\/strong><br>CHF 100.- f\u00fcr eine Person. CHF 150.- f\u00fcr zwei Personen \/ jeweils pro Nacht.<br>CHF 110.- f\u00fcr eine Person. CHF 160.- f\u00fcr zwei Personen \/ jeweils pro Nacht. (Hochsaison, Juni, Juli und August)<\/figcaption><\/figure>\n\n\n\n<div style=\"height:35px\" aria-hidden=\"true\" class=\"wp-block-spacer\"><\/div>\n\n\n\n<div style=\"height:35px\" aria-hidden=\"true\" class=\"wp-block-spacer\"><\/div>\n\n\n\n<figure class=\"wp-block-image\"><a href=\"https:\/\/hoteldelaberoche.ch\/?page_id=997&amp;lang=de\"><img loading=\"lazy\" decoding=\"async\" width=\"1024\" height=\"340\" src=\"http:\/\/hoteldelaberoche.ch\/wp-content\/uploads\/2019\/08\/HDB_Banner_photo_chambre_7-1024x340.jpg\" alt=\"\" class=\"wp-image-238\" srcset=\"https:\/\/hoteldelaberoche.ch\/wp-content\/uploads\/2019\/08\/HDB_Banner_photo_chambre_7-1024x340.jpg 1024w, https:\/\/hoteldelaberoche.ch\/wp-content\/uploads\/2019\/08\/HDB_Banner_photo_chambre_7-300x100.jpg 300w, https:\/\/hoteldelaberoche.ch\/wp-content\/uploads\/2019\/08\/HDB_Banner_photo_chambre_7-768x255.jpg 768w, https:\/\/hoteldelaberoche.ch\/wp-content\/uploads\/2019\/08\/HDB_Banner_photo_chambre_7.jpg 1200w\" sizes=\"auto, (max-width: 1024px) 100vw, 1024px\" \/><\/a><figcaption class=\"wp-element-caption\"><strong>Zimmer 7<\/strong><br>CHF 90.- f\u00fcr eine Person. CHF 130.- f\u00fcr zwei Personen \/ jeweils pro Nacht.<br>CHF 100.- f\u00fcr eine Person. CHF 140.- f\u00fcr zwei Personen \/ jeweils pro Nacht. (Hochsaison, Juni, Juli und August)<\/figcaption><\/figure>\n\n\n\n<div style=\"height:35px\" aria-hidden=\"true\" class=\"wp-block-spacer\"><\/div>\n\n\n\n<figure class=\"wp-block-image\"><a href=\"https:\/\/hoteldelaberoche.ch\/?page_id=1003&amp;lang=de\"><img loading=\"lazy\" decoding=\"async\" width=\"1024\" height=\"340\" src=\"http:\/\/hoteldelaberoche.ch\/wp-content\/uploads\/2019\/08\/HDB_Banner_photo_chambre_8-1024x340.jpg\" alt=\"\" class=\"wp-image-215\" srcset=\"https:\/\/hoteldelaberoche.ch\/wp-content\/uploads\/2019\/08\/HDB_Banner_photo_chambre_8-1024x340.jpg 1024w, https:\/\/hoteldelaberoche.ch\/wp-content\/uploads\/2019\/08\/HDB_Banner_photo_chambre_8-300x100.jpg 300w, https:\/\/hoteldelaberoche.ch\/wp-content\/uploads\/2019\/08\/HDB_Banner_photo_chambre_8-768x255.jpg 768w, https:\/\/hoteldelaberoche.ch\/wp-content\/uploads\/2019\/08\/HDB_Banner_photo_chambre_8.jpg 1200w\" sizes=\"auto, (max-width: 1024px) 100vw, 1024px\" \/><\/a><figcaption class=\"wp-element-caption\"><strong>Zimmer 8<\/strong><br>CHF 120.- f\u00fcr zwei Personen \/ CHF 155.- f\u00fcr drei Personen \/ CHF 190.- f\u00fcr vier Personen<br>CHF 130.- f\u00fcr zwei Personen \/ CHF 165.- f\u00fcr drei Personen \/ CHF 200.- f\u00fcr vier Personen (Hochsaison, Juni, Juli und August)<\/figcaption><\/figure>\n\n\n\n<div style=\"height:35px\" aria-hidden=\"true\" class=\"wp-block-spacer\"><\/div>\n\n\n\n<figure class=\"wp-block-image\"><a href=\"https:\/\/hoteldelaberoche.ch\/?page_id=1008&amp;lang=de\"><img loading=\"lazy\" decoding=\"async\" width=\"1024\" height=\"340\" src=\"https:\/\/hoteldelaberoche.ch\/wp-content\/uploads\/2021\/07\/HDB_Banner_photo_chambre_9-1024x340.jpg\" alt=\"\" class=\"wp-image-875\" srcset=\"https:\/\/hoteldelaberoche.ch\/wp-content\/uploads\/2021\/07\/HDB_Banner_photo_chambre_9-1024x340.jpg 1024w, https:\/\/hoteldelaberoche.ch\/wp-content\/uploads\/2021\/07\/HDB_Banner_photo_chambre_9-300x100.jpg 300w, https:\/\/hoteldelaberoche.ch\/wp-content\/uploads\/2021\/07\/HDB_Banner_photo_chambre_9-768x255.jpg 768w, https:\/\/hoteldelaberoche.ch\/wp-content\/uploads\/2021\/07\/HDB_Banner_photo_chambre_9.jpg 1200w\" sizes=\"auto, (max-width: 1024px) 100vw, 1024px\" \/><\/a><figcaption class=\"wp-element-caption\"><strong>Zimmer 9<\/strong><br>CHF 100.- f\u00fcr eine Person. CHF 150.- f\u00fcr zwei Personen \/ jeweils pro Nacht.<br>CHF 110.- f\u00fcr eine Person. CHF 160.- f\u00fcr zwei Personen \/ jeweils pro Nacht. (Hochsaison, Juni, Juli und August)<\/figcaption><\/figure>\n\n\n\n<div style=\"height:35px\" aria-hidden=\"true\" class=\"wp-block-spacer\"><\/div>\n\n\n\n<figure class=\"wp-block-image size-large\"><a href=\"https:\/\/hoteldelaberoche.ch\/?page_id=1014&amp;lang=de\"><img loading=\"lazy\" decoding=\"async\" width=\"1024\" height=\"340\" src=\"https:\/\/hoteldelaberoche.ch\/wp-content\/uploads\/2026\/03\/HDB_Banner_photo_chambre_10-1024x340.jpg\" alt=\"\" class=\"wp-image-1592\" srcset=\"https:\/\/hoteldelaberoche.ch\/wp-content\/uploads\/2026\/03\/HDB_Banner_photo_chambre_10-1024x340.jpg 1024w, https:\/\/hoteldelaberoche.ch\/wp-content\/uploads\/2026\/03\/HDB_Banner_photo_chambre_10-300x100.jpg 300w, https:\/\/hoteldelaberoche.ch\/wp-content\/uploads\/2026\/03\/HDB_Banner_photo_chambre_10-768x255.jpg 768w, https:\/\/hoteldelaberoche.ch\/wp-content\/uploads\/2026\/03\/HDB_Banner_photo_chambre_10.jpg 1200w\" sizes=\"auto, (max-width: 1024px) 100vw, 1024px\" \/><\/a><figcaption class=\"wp-element-caption\"><strong>Zimmer 10<\/strong><br>CHF 80.- f\u00fcr eine Person. CHF 110.- f\u00fcr zwei Personen \/ jeweils pro Nacht.<br>CHF 80.- f\u00fcr eine Person. CHF 110.- f\u00fcr zwei Personen \/ jeweils pro Nacht. (Hochsaison, Juni, Juli und August)<\/figcaption><\/figure>\n","protected":false},"excerpt":{"rendered":"<p>Neun Zimmer; das Ergebnis einer sorgf\u00e4ltigen Dekoration mit verschiedenen Themen, welche die Fantasie anregen. Mit Blick auf den See und den Garten oder auf die Sterne am Berghang. Sonderangebot 20264 \u00dcbernachtungen im Doppelzimmer f\u00fcr 2 Personen, die 4. Nacht ist gratis! W\u00e4hrend der Ferienzeit von Donnerstag, 28. August, bis Dienstag, 30. September 2025, wird das [&hellip;]<\/p>\n","protected":false},"author":1,"featured_media":0,"parent":0,"menu_order":3,"comment_status":"closed","ping_status":"closed","template":"","meta":{"footnotes":""},"class_list":["post-937","page","type-page","status-publish","hentry"],"_links":{"self":[{"href":"https:\/\/hoteldelaberoche.ch\/index.php?rest_route=\/wp\/v2\/pages\/937","targetHints":{"allow":["GET"]}}],"collection":[{"href":"https:\/\/hoteldelaberoche.ch\/index.php?rest_route=\/wp\/v2\/pages"}],"about":[{"href":"https:\/\/hoteldelaberoche.ch\/index.php?rest_route=\/wp\/v2\/types\/page"}],"author":[{"embeddable":true,"href":"https:\/\/hoteldelaberoche.ch\/index.php?rest_route=\/wp\/v2\/users\/1"}],"replies":[{"embeddable":true,"href":"https:\/\/hoteldelaberoche.ch\/index.php?rest_route=%2Fwp%2Fv2%2Fcomments&post=937"}],"version-history":[{"count":29,"href":"https:\/\/hoteldelaberoche.ch\/index.php?rest_route=\/wp\/v2\/pages\/937\/revisions"}],"predecessor-version":[{"id":1624,"href":"https:\/\/hoteldelaberoche.ch\/index.php?rest_route=\/wp\/v2\/pages\/937\/revisions\/1624"}],"wp:attachment":[{"href":"https:\/\/hoteldelaberoche.ch\/index.php?rest_route=%2Fwp%2Fv2%2Fmedia&parent=937"}],"curies":[{"name":"wp","href":"https:\/\/api.w.org\/{rel}","templated":true}]}}