{"id":946,"date":"2021-12-15T17:16:48","date_gmt":"2021-12-15T16:16:48","guid":{"rendered":"https:\/\/hoteldelaberoche.ch\/?page_id=946"},"modified":"2021-12-17T11:05:30","modified_gmt":"2021-12-17T10:05:30","slug":"das-restaurant","status":"publish","type":"page","link":"https:\/\/hoteldelaberoche.ch\/?page_id=946&lang=de","title":{"rendered":"Das Restaurant"},"content":{"rendered":"\n<p>Wir bieten Ihnen eine Brasserie-K\u00fcche an. Sie finden die Barschfilets aus dem See, die Silberfelchen, das Tatar, das Tournedos vom Rind mit Schalotten-Rotweinsauce, das Entrec\u00f4te Parisienne mit hausgemachtem Caf\u00e9 de Paris oder das Fondue&#8230;<\/p>\n\n\n\n<figure class=\"wp-block-image\"><img loading=\"lazy\" decoding=\"async\" width=\"1024\" height=\"684\" src=\"http:\/\/hoteldelaberoche.ch\/wp-content\/uploads\/2019\/08\/DSC_3612-1024x684.jpg\" alt=\"\" class=\"wp-image-138\" srcset=\"https:\/\/hoteldelaberoche.ch\/wp-content\/uploads\/2019\/08\/DSC_3612-1024x684.jpg 1024w, https:\/\/hoteldelaberoche.ch\/wp-content\/uploads\/2019\/08\/DSC_3612-300x200.jpg 300w, https:\/\/hoteldelaberoche.ch\/wp-content\/uploads\/2019\/08\/DSC_3612-768x513.jpg 768w, https:\/\/hoteldelaberoche.ch\/wp-content\/uploads\/2019\/08\/DSC_3612.jpg 1200w\" sizes=\"auto, (max-width: 1024px) 100vw, 1024px\" \/><\/figure>\n\n\n\n<p>Das Caf\u00e9, die Bar, das Fr\u00fchst\u00fcck und das Abendessen. <\/p>\n\n\n\n<figure class=\"wp-block-image\"><img loading=\"lazy\" decoding=\"async\" width=\"1024\" height=\"684\" src=\"http:\/\/hoteldelaberoche.ch\/wp-content\/uploads\/2019\/08\/DSC_3623-1024x684.jpg\" alt=\"\" class=\"wp-image-140\" srcset=\"https:\/\/hoteldelaberoche.ch\/wp-content\/uploads\/2019\/08\/DSC_3623-1024x684.jpg 1024w, https:\/\/hoteldelaberoche.ch\/wp-content\/uploads\/2019\/08\/DSC_3623-300x200.jpg 300w, https:\/\/hoteldelaberoche.ch\/wp-content\/uploads\/2019\/08\/DSC_3623-768x513.jpg 768w, https:\/\/hoteldelaberoche.ch\/wp-content\/uploads\/2019\/08\/DSC_3623.jpg 1200w\" sizes=\"auto, (max-width: 1024px) 100vw, 1024px\" \/><\/figure>\n\n\n\n<figure class=\"wp-block-image\"><img loading=\"lazy\" decoding=\"async\" width=\"1024\" height=\"684\" src=\"http:\/\/hoteldelaberoche.ch\/wp-content\/uploads\/2019\/08\/DSC_3636-1024x684.jpg\" alt=\"\" class=\"wp-image-137\" srcset=\"https:\/\/hoteldelaberoche.ch\/wp-content\/uploads\/2019\/08\/DSC_3636-1024x684.jpg 1024w, https:\/\/hoteldelaberoche.ch\/wp-content\/uploads\/2019\/08\/DSC_3636-300x200.jpg 300w, https:\/\/hoteldelaberoche.ch\/wp-content\/uploads\/2019\/08\/DSC_3636-768x513.jpg 768w, https:\/\/hoteldelaberoche.ch\/wp-content\/uploads\/2019\/08\/DSC_3636.jpg 1200w\" sizes=\"auto, (max-width: 1024px) 100vw, 1024px\" \/><\/figure>\n\n\n\n<figure class=\"wp-block-image\"><img loading=\"lazy\" decoding=\"async\" width=\"1024\" height=\"684\" src=\"http:\/\/hoteldelaberoche.ch\/wp-content\/uploads\/2019\/08\/DSC_3631-1024x684.jpg\" alt=\"\" class=\"wp-image-139\" srcset=\"https:\/\/hoteldelaberoche.ch\/wp-content\/uploads\/2019\/08\/DSC_3631-1024x684.jpg 1024w, https:\/\/hoteldelaberoche.ch\/wp-content\/uploads\/2019\/08\/DSC_3631-300x200.jpg 300w, https:\/\/hoteldelaberoche.ch\/wp-content\/uploads\/2019\/08\/DSC_3631-768x513.jpg 768w, https:\/\/hoteldelaberoche.ch\/wp-content\/uploads\/2019\/08\/DSC_3631.jpg 1200w\" sizes=\"auto, (max-width: 1024px) 100vw, 1024px\" \/><\/figure>\n\n\n\n<p>Die Eigent\u00fcmer freuen sich darauf, Sie im H\u00f4tel-Restaurant de la B\u00e9roche begr\u00fcssen zu d\u00fcrfen.<\/p>\n\n\n\n<figure class=\"wp-block-image\"><img loading=\"lazy\" decoding=\"async\" width=\"200\" height=\"300\" src=\"http:\/\/hoteldelaberoche.ch\/wp-content\/uploads\/2019\/08\/1-200x300.jpg\" alt=\"\" class=\"wp-image-135\" srcset=\"https:\/\/hoteldelaberoche.ch\/wp-content\/uploads\/2019\/08\/1-200x300.jpg 200w, https:\/\/hoteldelaberoche.ch\/wp-content\/uploads\/2019\/08\/1.jpg 656w\" sizes=\"auto, (max-width: 200px) 100vw, 200px\" \/><\/figure>\n","protected":false},"excerpt":{"rendered":"<p>Wir bieten Ihnen eine Brasserie-K\u00fcche an. Sie finden die Barschfilets aus dem See, die Silberfelchen, das Tatar, das Tournedos vom Rind mit Schalotten-Rotweinsauce, das Entrec\u00f4te Parisienne mit hausgemachtem Caf\u00e9 de Paris oder das Fondue&#8230; Das Caf\u00e9, die Bar, das Fr\u00fchst\u00fcck und das Abendessen. Die Eigent\u00fcmer freuen sich darauf, Sie im H\u00f4tel-Restaurant de la B\u00e9roche begr\u00fcssen [&hellip;]<\/p>\n","protected":false},"author":1,"featured_media":0,"parent":0,"menu_order":4,"comment_status":"closed","ping_status":"closed","template":"","meta":{"footnotes":""},"class_list":["post-946","page","type-page","status-publish","hentry"],"_links":{"self":[{"href":"https:\/\/hoteldelaberoche.ch\/index.php?rest_route=\/wp\/v2\/pages\/946","targetHints":{"allow":["GET"]}}],"collection":[{"href":"https:\/\/hoteldelaberoche.ch\/index.php?rest_route=\/wp\/v2\/pages"}],"about":[{"href":"https:\/\/hoteldelaberoche.ch\/index.php?rest_route=\/wp\/v2\/types\/page"}],"author":[{"embeddable":true,"href":"https:\/\/hoteldelaberoche.ch\/index.php?rest_route=\/wp\/v2\/users\/1"}],"replies":[{"embeddable":true,"href":"https:\/\/hoteldelaberoche.ch\/index.php?rest_route=%2Fwp%2Fv2%2Fcomments&post=946"}],"version-history":[{"count":2,"href":"https:\/\/hoteldelaberoche.ch\/index.php?rest_route=\/wp\/v2\/pages\/946\/revisions"}],"predecessor-version":[{"id":948,"href":"https:\/\/hoteldelaberoche.ch\/index.php?rest_route=\/wp\/v2\/pages\/946\/revisions\/948"}],"wp:attachment":[{"href":"https:\/\/hoteldelaberoche.ch\/index.php?rest_route=%2Fwp%2Fv2%2Fmedia&parent=946"}],"curies":[{"name":"wp","href":"https:\/\/api.w.org\/{rel}","templated":true}]}}