{"id":975,"date":"2021-12-17T10:13:33","date_gmt":"2021-12-17T09:13:33","guid":{"rendered":"https:\/\/hoteldelaberoche.ch\/?page_id=975"},"modified":"2026-01-14T15:07:12","modified_gmt":"2026-01-14T14:07:12","slug":"zimmer-3","status":"publish","type":"page","link":"https:\/\/hoteldelaberoche.ch\/?page_id=975&lang=de","title":{"rendered":"Zimmer 3"},"content":{"rendered":"\n<p>Dieses intime Zimmer mit Ausrichtung Richtung Norden bietet Ihnen eine exotische Atmosph\u00e4re.<\/p>\n\n\n\n<figure class=\"wp-block-image\"><img loading=\"lazy\" decoding=\"async\" width=\"1024\" height=\"340\" src=\"https:\/\/hoteldelaberoche.ch\/wp-content\/uploads\/2021\/07\/HDB_Banner_photo_chambre_3-1024x340.jpg\" alt=\"\" class=\"wp-image-844\" srcset=\"https:\/\/hoteldelaberoche.ch\/wp-content\/uploads\/2021\/07\/HDB_Banner_photo_chambre_3-1024x340.jpg 1024w, https:\/\/hoteldelaberoche.ch\/wp-content\/uploads\/2021\/07\/HDB_Banner_photo_chambre_3-300x100.jpg 300w, https:\/\/hoteldelaberoche.ch\/wp-content\/uploads\/2021\/07\/HDB_Banner_photo_chambre_3-768x255.jpg 768w, https:\/\/hoteldelaberoche.ch\/wp-content\/uploads\/2021\/07\/HDB_Banner_photo_chambre_3.jpg 1200w\" sizes=\"auto, (max-width: 1024px) 100vw, 1024px\" \/><\/figure>\n\n\n\n<p>\u2022 Doppelbett<br>\u2022 Bad mit Dusche<br>\u2022 TV<br>\u2022 Gratis-Wifi<\/p>\n\n\n\n<p>CHF 100.- f\u00fcr eine Person. CHF 150.- f\u00fcr zwei Personen \/ jeweils pro Nacht.<br>CHF 110.- f\u00fcr eine Person. CHF 160.- f\u00fcr zwei Personen \/ jeweils pro Nacht. (Hochsaison, Juni, Juli und August)<\/p>\n\n\n\n<p><em>Vergessen Sie nicht einen Tisch im Restaurant oder auf der Terrasse zu reservieren. <\/em><br><em>Fr\u00fchst\u00fcck f\u00fcr CHF 15.\u2014pro Person.<\/em> <\/p>\n\n\n\n<figure class=\"wp-block-gallery has-nested-images columns-default is-cropped wp-block-gallery-1 is-layout-flex wp-block-gallery-is-layout-flex\">\n<figure class=\"wp-block-image\"><img loading=\"lazy\" decoding=\"async\" width=\"1024\" height=\"684\" data-id=\"218\" src=\"https:\/\/hoteldelaberoche.ch\/wp-content\/uploads\/2019\/08\/DSC_3902-1024x684.jpg\" alt=\"\" class=\"wp-image-218\" srcset=\"https:\/\/hoteldelaberoche.ch\/wp-content\/uploads\/2019\/08\/DSC_3902-1024x684.jpg 1024w, https:\/\/hoteldelaberoche.ch\/wp-content\/uploads\/2019\/08\/DSC_3902-300x200.jpg 300w, https:\/\/hoteldelaberoche.ch\/wp-content\/uploads\/2019\/08\/DSC_3902-768x513.jpg 768w, https:\/\/hoteldelaberoche.ch\/wp-content\/uploads\/2019\/08\/DSC_3902.jpg 1200w\" sizes=\"auto, (max-width: 1024px) 100vw, 1024px\" \/><\/figure>\n\n\n\n<figure class=\"wp-block-image\"><img loading=\"lazy\" decoding=\"async\" width=\"1024\" height=\"684\" data-id=\"387\" src=\"https:\/\/hoteldelaberoche.ch\/wp-content\/uploads\/2019\/10\/DSC_3886-1024x684.jpg\" alt=\"\" class=\"wp-image-387\" srcset=\"https:\/\/hoteldelaberoche.ch\/wp-content\/uploads\/2019\/10\/DSC_3886-1024x684.jpg 1024w, https:\/\/hoteldelaberoche.ch\/wp-content\/uploads\/2019\/10\/DSC_3886-300x200.jpg 300w, https:\/\/hoteldelaberoche.ch\/wp-content\/uploads\/2019\/10\/DSC_3886-768x513.jpg 768w, https:\/\/hoteldelaberoche.ch\/wp-content\/uploads\/2019\/10\/DSC_3886.jpg 1200w\" sizes=\"auto, (max-width: 1024px) 100vw, 1024px\" \/><\/figure>\n\n\n\n<figure class=\"wp-block-image\"><img loading=\"lazy\" decoding=\"async\" width=\"1000\" height=\"668\" data-id=\"833\" src=\"https:\/\/hoteldelaberoche.ch\/wp-content\/uploads\/2021\/07\/DSC_6841.jpg\" alt=\"\" class=\"wp-image-833\" srcset=\"https:\/\/hoteldelaberoche.ch\/wp-content\/uploads\/2021\/07\/DSC_6841.jpg 1000w, https:\/\/hoteldelaberoche.ch\/wp-content\/uploads\/2021\/07\/DSC_6841-300x200.jpg 300w, https:\/\/hoteldelaberoche.ch\/wp-content\/uploads\/2021\/07\/DSC_6841-768x513.jpg 768w\" sizes=\"auto, (max-width: 1000px) 100vw, 1000px\" \/><\/figure>\n\n\n\n<figure class=\"wp-block-image\"><img loading=\"lazy\" decoding=\"async\" width=\"1000\" height=\"668\" data-id=\"834\" src=\"https:\/\/hoteldelaberoche.ch\/wp-content\/uploads\/2021\/07\/DSC_6840.jpg\" alt=\"\" class=\"wp-image-834\" srcset=\"https:\/\/hoteldelaberoche.ch\/wp-content\/uploads\/2021\/07\/DSC_6840.jpg 1000w, https:\/\/hoteldelaberoche.ch\/wp-content\/uploads\/2021\/07\/DSC_6840-300x200.jpg 300w, https:\/\/hoteldelaberoche.ch\/wp-content\/uploads\/2021\/07\/DSC_6840-768x513.jpg 768w\" sizes=\"auto, (max-width: 1000px) 100vw, 1000px\" \/><\/figure>\n\n\n\n<figure class=\"wp-block-image\"><img loading=\"lazy\" decoding=\"async\" width=\"1000\" height=\"668\" data-id=\"835\" src=\"https:\/\/hoteldelaberoche.ch\/wp-content\/uploads\/2021\/07\/DSC_6839.jpg\" alt=\"\" class=\"wp-image-835\" srcset=\"https:\/\/hoteldelaberoche.ch\/wp-content\/uploads\/2021\/07\/DSC_6839.jpg 1000w, https:\/\/hoteldelaberoche.ch\/wp-content\/uploads\/2021\/07\/DSC_6839-300x200.jpg 300w, https:\/\/hoteldelaberoche.ch\/wp-content\/uploads\/2021\/07\/DSC_6839-768x513.jpg 768w\" sizes=\"auto, (max-width: 1000px) 100vw, 1000px\" \/><\/figure>\n\n\n\n<figure class=\"wp-block-image\"><img loading=\"lazy\" decoding=\"async\" width=\"1000\" height=\"668\" data-id=\"836\" src=\"https:\/\/hoteldelaberoche.ch\/wp-content\/uploads\/2021\/07\/DSC_6838.jpg\" alt=\"\" class=\"wp-image-836\" srcset=\"https:\/\/hoteldelaberoche.ch\/wp-content\/uploads\/2021\/07\/DSC_6838.jpg 1000w, https:\/\/hoteldelaberoche.ch\/wp-content\/uploads\/2021\/07\/DSC_6838-300x200.jpg 300w, https:\/\/hoteldelaberoche.ch\/wp-content\/uploads\/2021\/07\/DSC_6838-768x513.jpg 768w\" sizes=\"auto, (max-width: 1000px) 100vw, 1000px\" \/><\/figure>\n\n\n\n<figure class=\"wp-block-image\"><img loading=\"lazy\" decoding=\"async\" width=\"1000\" height=\"668\" data-id=\"837\" src=\"https:\/\/hoteldelaberoche.ch\/wp-content\/uploads\/2021\/07\/DSC_6836.jpg\" alt=\"\" class=\"wp-image-837\" srcset=\"https:\/\/hoteldelaberoche.ch\/wp-content\/uploads\/2021\/07\/DSC_6836.jpg 1000w, https:\/\/hoteldelaberoche.ch\/wp-content\/uploads\/2021\/07\/DSC_6836-300x200.jpg 300w, https:\/\/hoteldelaberoche.ch\/wp-content\/uploads\/2021\/07\/DSC_6836-768x513.jpg 768w\" sizes=\"auto, (max-width: 1000px) 100vw, 1000px\" \/><\/figure>\n<\/figure>\n","protected":false},"excerpt":{"rendered":"<p>Dieses intime Zimmer mit Ausrichtung Richtung Norden bietet Ihnen eine exotische Atmosph\u00e4re. \u2022 Doppelbett\u2022 Bad mit Dusche\u2022 TV\u2022 Gratis-Wifi CHF 100.- f\u00fcr eine Person. CHF 150.- f\u00fcr zwei Personen \/ jeweils pro Nacht.CHF 110.- f\u00fcr eine Person. CHF 160.- f\u00fcr zwei Personen \/ jeweils pro Nacht. (Hochsaison, Juni, Juli und August) Vergessen Sie nicht einen [&hellip;]<\/p>\n","protected":false},"author":1,"featured_media":0,"parent":937,"menu_order":3,"comment_status":"closed","ping_status":"closed","template":"","meta":{"footnotes":""},"class_list":["post-975","page","type-page","status-publish","hentry"],"_links":{"self":[{"href":"https:\/\/hoteldelaberoche.ch\/index.php?rest_route=\/wp\/v2\/pages\/975","targetHints":{"allow":["GET"]}}],"collection":[{"href":"https:\/\/hoteldelaberoche.ch\/index.php?rest_route=\/wp\/v2\/pages"}],"about":[{"href":"https:\/\/hoteldelaberoche.ch\/index.php?rest_route=\/wp\/v2\/types\/page"}],"author":[{"embeddable":true,"href":"https:\/\/hoteldelaberoche.ch\/index.php?rest_route=\/wp\/v2\/users\/1"}],"replies":[{"embeddable":true,"href":"https:\/\/hoteldelaberoche.ch\/index.php?rest_route=%2Fwp%2Fv2%2Fcomments&post=975"}],"version-history":[{"count":7,"href":"https:\/\/hoteldelaberoche.ch\/index.php?rest_route=\/wp\/v2\/pages\/975\/revisions"}],"predecessor-version":[{"id":1491,"href":"https:\/\/hoteldelaberoche.ch\/index.php?rest_route=\/wp\/v2\/pages\/975\/revisions\/1491"}],"up":[{"embeddable":true,"href":"https:\/\/hoteldelaberoche.ch\/index.php?rest_route=\/wp\/v2\/pages\/937"}],"wp:attachment":[{"href":"https:\/\/hoteldelaberoche.ch\/index.php?rest_route=%2Fwp%2Fv2%2Fmedia&parent=975"}],"curies":[{"name":"wp","href":"https:\/\/api.w.org\/{rel}","templated":true}]}}