{"id":981,"date":"2021-12-17T10:16:44","date_gmt":"2021-12-17T09:16:44","guid":{"rendered":"https:\/\/hoteldelaberoche.ch\/?page_id=981"},"modified":"2026-04-01T08:41:12","modified_gmt":"2026-04-01T06:41:12","slug":"zimmer-4","status":"publish","type":"page","link":"https:\/\/hoteldelaberoche.ch\/?page_id=981&lang=de","title":{"rendered":"Zimmer 4"},"content":{"rendered":"\n<p>Dieses Zimmer mit Ausrichtung Richtung S\u00fcden bietet Ihnen Ruhe und Frieden in einer zeitgem\u00e4ssen Atmosph\u00e4re.<\/p>\n\n\n\n<figure class=\"wp-block-image\"><img loading=\"lazy\" decoding=\"async\" width=\"1024\" height=\"340\" src=\"http:\/\/hoteldelaberoche.ch\/wp-content\/uploads\/2019\/08\/HDB_Banner_photo_deco-1024x340.jpg\" alt=\"\" class=\"wp-image-103\" srcset=\"https:\/\/hoteldelaberoche.ch\/wp-content\/uploads\/2019\/08\/HDB_Banner_photo_deco-1024x340.jpg 1024w, https:\/\/hoteldelaberoche.ch\/wp-content\/uploads\/2019\/08\/HDB_Banner_photo_deco-300x100.jpg 300w, https:\/\/hoteldelaberoche.ch\/wp-content\/uploads\/2019\/08\/HDB_Banner_photo_deco-768x255.jpg 768w, https:\/\/hoteldelaberoche.ch\/wp-content\/uploads\/2019\/08\/HDB_Banner_photo_deco.jpg 1200w\" sizes=\"auto, (max-width: 1024px) 100vw, 1024px\" \/><\/figure>\n\n\n\n<p>\u2022 Doppelbett<br>\u2022 Bad mit Dusche<br>\u2022 TV<br>\u2022 Gratis-Wifi<\/p>\n\n\n\n<p>CHF 100.- f\u00fcr eine Person. CHF 150.- f\u00fcr zwei Personen \/ jeweils pro Nacht.<br>CHF 110.- f\u00fcr eine Person. CHF 160.- f\u00fcr zwei Personen \/ jeweils pro Nacht. (Hochsaison, Juni, Juli und August)<\/p>\n\n\n\n<p>V<em>ergessen Sie nicht einen Tisch im Restaurant oder auf der Terrasse zu reservieren.<br><em>Fr\u00fchst\u00fcck f\u00fcr CHF 15.\u2014 pro Person.<\/em> <br><\/em><\/p>\n\n\n\n<figure class=\"wp-block-gallery has-nested-images columns-3 is-cropped wp-block-gallery-1 is-layout-flex wp-block-gallery-is-layout-flex\">\n<figure class=\"wp-block-image\"><a href=\"https:\/\/hoteldelaberoche.ch\/?attachment_id=162\"><img loading=\"lazy\" decoding=\"async\" width=\"1024\" height=\"684\" data-id=\"162\" src=\"https:\/\/hoteldelaberoche.ch\/wp-content\/uploads\/2019\/08\/DSC_3694-1024x684.jpg\" alt=\"\" class=\"wp-image-162\" srcset=\"https:\/\/hoteldelaberoche.ch\/wp-content\/uploads\/2019\/08\/DSC_3694-1024x684.jpg 1024w, https:\/\/hoteldelaberoche.ch\/wp-content\/uploads\/2019\/08\/DSC_3694-300x200.jpg 300w, https:\/\/hoteldelaberoche.ch\/wp-content\/uploads\/2019\/08\/DSC_3694-768x513.jpg 768w, https:\/\/hoteldelaberoche.ch\/wp-content\/uploads\/2019\/08\/DSC_3694.jpg 1200w\" sizes=\"auto, (max-width: 1024px) 100vw, 1024px\" \/><\/a><\/figure>\n\n\n\n<figure class=\"wp-block-image size-large\"><img loading=\"lazy\" decoding=\"async\" width=\"1024\" height=\"689\" data-id=\"1646\" src=\"https:\/\/hoteldelaberoche.ch\/wp-content\/uploads\/2026\/04\/DSC_3692-1024x689.jpg\" alt=\"\" class=\"wp-image-1646\" srcset=\"https:\/\/hoteldelaberoche.ch\/wp-content\/uploads\/2026\/04\/DSC_3692-1024x689.jpg 1024w, https:\/\/hoteldelaberoche.ch\/wp-content\/uploads\/2026\/04\/DSC_3692-300x202.jpg 300w, https:\/\/hoteldelaberoche.ch\/wp-content\/uploads\/2026\/04\/DSC_3692-768x517.jpg 768w, https:\/\/hoteldelaberoche.ch\/wp-content\/uploads\/2026\/04\/DSC_3692-1536x1034.jpg 1536w, https:\/\/hoteldelaberoche.ch\/wp-content\/uploads\/2026\/04\/DSC_3692-2048x1379.jpg 2048w\" sizes=\"auto, (max-width: 1024px) 100vw, 1024px\" \/><\/figure>\n\n\n\n<figure class=\"wp-block-image\"><a href=\"https:\/\/hoteldelaberoche.ch\/?attachment_id=165\"><img loading=\"lazy\" decoding=\"async\" width=\"1024\" height=\"684\" data-id=\"165\" src=\"https:\/\/hoteldelaberoche.ch\/wp-content\/uploads\/2019\/08\/DSC_3687-1024x684.jpg\" alt=\"\" class=\"wp-image-165\" srcset=\"https:\/\/hoteldelaberoche.ch\/wp-content\/uploads\/2019\/08\/DSC_3687-1024x684.jpg 1024w, https:\/\/hoteldelaberoche.ch\/wp-content\/uploads\/2019\/08\/DSC_3687-300x200.jpg 300w, https:\/\/hoteldelaberoche.ch\/wp-content\/uploads\/2019\/08\/DSC_3687-768x513.jpg 768w, https:\/\/hoteldelaberoche.ch\/wp-content\/uploads\/2019\/08\/DSC_3687.jpg 1200w\" sizes=\"auto, (max-width: 1024px) 100vw, 1024px\" \/><\/a><\/figure>\n\n\n\n<figure class=\"wp-block-image\"><a href=\"https:\/\/hoteldelaberoche.ch\/?attachment_id=173\"><img loading=\"lazy\" decoding=\"async\" width=\"1024\" height=\"684\" data-id=\"173\" src=\"https:\/\/hoteldelaberoche.ch\/wp-content\/uploads\/2019\/08\/DSC_3707-1024x684.jpg\" alt=\"\" class=\"wp-image-173\" srcset=\"https:\/\/hoteldelaberoche.ch\/wp-content\/uploads\/2019\/08\/DSC_3707-1024x684.jpg 1024w, https:\/\/hoteldelaberoche.ch\/wp-content\/uploads\/2019\/08\/DSC_3707-300x200.jpg 300w, https:\/\/hoteldelaberoche.ch\/wp-content\/uploads\/2019\/08\/DSC_3707-768x513.jpg 768w, https:\/\/hoteldelaberoche.ch\/wp-content\/uploads\/2019\/08\/DSC_3707.jpg 1200w\" sizes=\"auto, (max-width: 1024px) 100vw, 1024px\" \/><\/a><\/figure>\n\n\n\n<figure class=\"wp-block-image size-large\"><img loading=\"lazy\" decoding=\"async\" width=\"636\" height=\"1024\" data-id=\"1580\" src=\"https:\/\/hoteldelaberoche.ch\/wp-content\/uploads\/2026\/03\/DSC_1076-636x1024.jpg\" alt=\"\" class=\"wp-image-1580\" srcset=\"https:\/\/hoteldelaberoche.ch\/wp-content\/uploads\/2026\/03\/DSC_1076-636x1024.jpg 636w, https:\/\/hoteldelaberoche.ch\/wp-content\/uploads\/2026\/03\/DSC_1076-186x300.jpg 186w, https:\/\/hoteldelaberoche.ch\/wp-content\/uploads\/2026\/03\/DSC_1076-768x1237.jpg 768w, https:\/\/hoteldelaberoche.ch\/wp-content\/uploads\/2026\/03\/DSC_1076-954x1536.jpg 954w, https:\/\/hoteldelaberoche.ch\/wp-content\/uploads\/2026\/03\/DSC_1076-1272x2048.jpg 1272w, https:\/\/hoteldelaberoche.ch\/wp-content\/uploads\/2026\/03\/DSC_1076-scaled.jpg 1590w\" sizes=\"auto, (max-width: 636px) 100vw, 636px\" \/><\/figure>\n\n\n\n<figure class=\"wp-block-image size-large\"><a href=\"https:\/\/hoteldelaberoche.ch\/?attachment_id=1549\"><img loading=\"lazy\" decoding=\"async\" width=\"684\" height=\"1024\" data-id=\"1549\" src=\"https:\/\/hoteldelaberoche.ch\/wp-content\/uploads\/2026\/03\/DSC_1012-684x1024.jpg\" alt=\"\" class=\"wp-image-1549\" srcset=\"https:\/\/hoteldelaberoche.ch\/wp-content\/uploads\/2026\/03\/DSC_1012-684x1024.jpg 684w, https:\/\/hoteldelaberoche.ch\/wp-content\/uploads\/2026\/03\/DSC_1012-200x300.jpg 200w, https:\/\/hoteldelaberoche.ch\/wp-content\/uploads\/2026\/03\/DSC_1012-768x1150.jpg 768w, https:\/\/hoteldelaberoche.ch\/wp-content\/uploads\/2026\/03\/DSC_1012-1025x1536.jpg 1025w, https:\/\/hoteldelaberoche.ch\/wp-content\/uploads\/2026\/03\/DSC_1012-1367x2048.jpg 1367w, https:\/\/hoteldelaberoche.ch\/wp-content\/uploads\/2026\/03\/DSC_1012-scaled.jpg 1709w\" sizes=\"auto, (max-width: 684px) 100vw, 684px\" \/><\/a><\/figure>\n\n\n\n<figure class=\"wp-block-image size-large\"><a href=\"https:\/\/hoteldelaberoche.ch\/?attachment_id=1551\"><img loading=\"lazy\" decoding=\"async\" width=\"684\" height=\"1024\" data-id=\"1551\" src=\"https:\/\/hoteldelaberoche.ch\/wp-content\/uploads\/2026\/03\/DSC_1016-684x1024.jpg\" alt=\"\" class=\"wp-image-1551\" srcset=\"https:\/\/hoteldelaberoche.ch\/wp-content\/uploads\/2026\/03\/DSC_1016-684x1024.jpg 684w, https:\/\/hoteldelaberoche.ch\/wp-content\/uploads\/2026\/03\/DSC_1016-200x300.jpg 200w, https:\/\/hoteldelaberoche.ch\/wp-content\/uploads\/2026\/03\/DSC_1016-768x1150.jpg 768w, https:\/\/hoteldelaberoche.ch\/wp-content\/uploads\/2026\/03\/DSC_1016-1025x1536.jpg 1025w, https:\/\/hoteldelaberoche.ch\/wp-content\/uploads\/2026\/03\/DSC_1016-1367x2048.jpg 1367w, https:\/\/hoteldelaberoche.ch\/wp-content\/uploads\/2026\/03\/DSC_1016-scaled.jpg 1709w\" sizes=\"auto, (max-width: 684px) 100vw, 684px\" \/><\/a><\/figure>\n\n\n\n<figure class=\"wp-block-image\"><a href=\"https:\/\/hoteldelaberoche.ch\/?attachment_id=167\"><img loading=\"lazy\" decoding=\"async\" width=\"684\" height=\"1024\" data-id=\"167\" src=\"https:\/\/hoteldelaberoche.ch\/wp-content\/uploads\/2019\/08\/DSC_3683-684x1024.jpg\" alt=\"\" class=\"wp-image-167\" srcset=\"https:\/\/hoteldelaberoche.ch\/wp-content\/uploads\/2019\/08\/DSC_3683-684x1024.jpg 684w, https:\/\/hoteldelaberoche.ch\/wp-content\/uploads\/2019\/08\/DSC_3683-200x300.jpg 200w, https:\/\/hoteldelaberoche.ch\/wp-content\/uploads\/2019\/08\/DSC_3683-768x1151.jpg 768w, https:\/\/hoteldelaberoche.ch\/wp-content\/uploads\/2019\/08\/DSC_3683.jpg 801w\" sizes=\"auto, (max-width: 684px) 100vw, 684px\" \/><\/a><\/figure>\n\n\n\n<figure class=\"wp-block-image\"><a href=\"https:\/\/hoteldelaberoche.ch\/?attachment_id=168\"><img loading=\"lazy\" decoding=\"async\" width=\"1024\" height=\"684\" data-id=\"168\" src=\"https:\/\/hoteldelaberoche.ch\/wp-content\/uploads\/2019\/08\/DSC_3681-1024x684.jpg\" alt=\"\" class=\"wp-image-168\" srcset=\"https:\/\/hoteldelaberoche.ch\/wp-content\/uploads\/2019\/08\/DSC_3681-1024x684.jpg 1024w, https:\/\/hoteldelaberoche.ch\/wp-content\/uploads\/2019\/08\/DSC_3681-300x200.jpg 300w, https:\/\/hoteldelaberoche.ch\/wp-content\/uploads\/2019\/08\/DSC_3681-768x513.jpg 768w, https:\/\/hoteldelaberoche.ch\/wp-content\/uploads\/2019\/08\/DSC_3681.jpg 1200w\" sizes=\"auto, (max-width: 1024px) 100vw, 1024px\" \/><\/a><\/figure>\n\n\n\n<figure class=\"wp-block-image\"><a href=\"https:\/\/hoteldelaberoche.ch\/?attachment_id=174\"><img loading=\"lazy\" decoding=\"async\" width=\"665\" height=\"1024\" data-id=\"174\" src=\"https:\/\/hoteldelaberoche.ch\/wp-content\/uploads\/2019\/08\/DSC_3704-665x1024.jpg\" alt=\"\" class=\"wp-image-174\" srcset=\"https:\/\/hoteldelaberoche.ch\/wp-content\/uploads\/2019\/08\/DSC_3704-665x1024.jpg 665w, https:\/\/hoteldelaberoche.ch\/wp-content\/uploads\/2019\/08\/DSC_3704-195x300.jpg 195w, https:\/\/hoteldelaberoche.ch\/wp-content\/uploads\/2019\/08\/DSC_3704-768x1183.jpg 768w, https:\/\/hoteldelaberoche.ch\/wp-content\/uploads\/2019\/08\/DSC_3704.jpg 779w\" sizes=\"auto, (max-width: 665px) 100vw, 665px\" \/><\/a><\/figure>\n<\/figure>\n","protected":false},"excerpt":{"rendered":"<p>Dieses Zimmer mit Ausrichtung Richtung S\u00fcden bietet Ihnen Ruhe und Frieden in einer zeitgem\u00e4ssen Atmosph\u00e4re. \u2022 Doppelbett\u2022 Bad mit Dusche\u2022 TV\u2022 Gratis-Wifi CHF 100.- f\u00fcr eine Person. CHF 150.- f\u00fcr zwei Personen \/ jeweils pro Nacht.CHF 110.- f\u00fcr eine Person. CHF 160.- f\u00fcr zwei Personen \/ jeweils pro Nacht. (Hochsaison, Juni, Juli und August) Vergessen [&hellip;]<\/p>\n","protected":false},"author":1,"featured_media":0,"parent":937,"menu_order":4,"comment_status":"closed","ping_status":"closed","template":"","meta":{"footnotes":""},"class_list":["post-981","page","type-page","status-publish","hentry"],"_links":{"self":[{"href":"https:\/\/hoteldelaberoche.ch\/index.php?rest_route=\/wp\/v2\/pages\/981","targetHints":{"allow":["GET"]}}],"collection":[{"href":"https:\/\/hoteldelaberoche.ch\/index.php?rest_route=\/wp\/v2\/pages"}],"about":[{"href":"https:\/\/hoteldelaberoche.ch\/index.php?rest_route=\/wp\/v2\/types\/page"}],"author":[{"embeddable":true,"href":"https:\/\/hoteldelaberoche.ch\/index.php?rest_route=\/wp\/v2\/users\/1"}],"replies":[{"embeddable":true,"href":"https:\/\/hoteldelaberoche.ch\/index.php?rest_route=%2Fwp%2Fv2%2Fcomments&post=981"}],"version-history":[{"count":8,"href":"https:\/\/hoteldelaberoche.ch\/index.php?rest_route=\/wp\/v2\/pages\/981\/revisions"}],"predecessor-version":[{"id":1649,"href":"https:\/\/hoteldelaberoche.ch\/index.php?rest_route=\/wp\/v2\/pages\/981\/revisions\/1649"}],"up":[{"embeddable":true,"href":"https:\/\/hoteldelaberoche.ch\/index.php?rest_route=\/wp\/v2\/pages\/937"}],"wp:attachment":[{"href":"https:\/\/hoteldelaberoche.ch\/index.php?rest_route=%2Fwp%2Fv2%2Fmedia&parent=981"}],"curies":[{"name":"wp","href":"https:\/\/api.w.org\/{rel}","templated":true}]}}